{"id":27671,"date":"2025-02-24T12:13:43","date_gmt":"2025-02-24T11:13:43","guid":{"rendered":"https:\/\/berliner-seilfabrik.com\/?page_id=27671"},"modified":"2025-03-13T13:55:56","modified_gmt":"2025-03-13T12:55:56","slug":"berliner-seile","status":"publish","type":"page","link":"https:\/\/berliner-seilfabrik.com\/de\/berliner-seile\/","title":{"rendered":"Berliner Seile"},"content":{"rendered":"<section class=\"header-subpage spacing-py relative overflow-hidden dark:!text-light dark:!bg-dark max-w-screen-3xl spacing-px mx-auto\">\n    <div class=\"anchor\" id=\"acf-block-67af5dcaa3a2b\" ><\/div>\n    <div class=\"flex flex-col-reverse lg:flex-row relative\">\n                    <div class=\"w-full lg:w-[66%] lg:mr-auto max-lg:order-1\"> \n                <img loading=\"lazy\" decoding=\"async\" width=\"1024\" height=\"681\" src=\"https:\/\/berliner-seilfabrik.com\/wp-content\/uploads\/2025\/01\/Seilfabrik_2012__dsc8139-1024x681.jpg\" class=\"object-cover z-0 h-full w-full object-center rounded-[30px] overflow-hidden max-w-[930px] max-h-[617px] aspect-4\/3\" alt=\"\" srcset=\"https:\/\/berliner-seilfabrik.com\/wp-content\/uploads\/2025\/01\/Seilfabrik_2012__dsc8139-1024x681.jpg 1024w, https:\/\/berliner-seilfabrik.com\/wp-content\/uploads\/2025\/01\/Seilfabrik_2012__dsc8139-300x200.jpg 300w, https:\/\/berliner-seilfabrik.com\/wp-content\/uploads\/2025\/01\/Seilfabrik_2012__dsc8139-768x511.jpg 768w, https:\/\/berliner-seilfabrik.com\/wp-content\/uploads\/2025\/01\/Seilfabrik_2012__dsc8139-1536x1022.jpg 1536w, https:\/\/berliner-seilfabrik.com\/wp-content\/uploads\/2025\/01\/Seilfabrik_2012__dsc8139-2048x1363.jpg 2048w, https:\/\/berliner-seilfabrik.com\/wp-content\/uploads\/2025\/01\/Seilfabrik_2012__dsc8139-1900x1264.jpg 1900w, https:\/\/berliner-seilfabrik.com\/wp-content\/uploads\/2025\/01\/Seilfabrik_2012__dsc8139-1240x825.jpg 1240w\" sizes=\"auto, (max-width: 1024px) 100vw, 1024px\" \/>            <\/div> \n                <div class=\"bg-bg-turquoise text-text-white !w-auto lg:!w-[41%] rounded-[30px] lg:absolute lg:top-1\/2 lg:-translate-y-1\/2 lg:right-0 p-[30px] sm:p-[40px] fhd:p-[50px] -mt-[30px] xs:-mt-[40px] sm:-mt-[80px] lg:mt-0 mx-[10px] xxs:mx-5 sm:mx-lg lg:mx-0 \">\n                            <h1 class=\"w-full font-semibold typo-h2 fhd:text-[42px]\">Berliner Seile<\/h1>\n                            <p class=\"w-full pt-[10px] xxs:pt-xs text-base\">&#8222;Wir sind stolz, unsere speziellen U\u00adRope Seile f\u00fcr Spielger\u00e4te in unserer Seilerei selbst herzustellen.&#8220;<\/p>\n                    <\/div>\n    <\/div>\n<\/section>\n\n<section class=\"text-module bg-bg-default text-text-gray dark:!bg-dark dark:!text-white\">\n  <div class=\"anchor\" id=\"acf-block-67af5dcaa3e99\" ><\/div>\n  <div class=\"max-w-screen-2xl spacing-px spacing-py mx-auto\">\n          <div class=\"lg:mb-lg mb-md\">\n        <div class=\"content-top max-w-3xl align-center mx-auto\">\n          <h2 class='headline-element align-left typo-h2 font-bold'>Unsere Seile f\u00fcr stete Qualit\u00e4t<\/h2>        <\/div>\n      <\/div>\n          <div class=\"typo-body two-columns flex max-md:flex-wrap md:gap-lg gap-md\">\n        <div class=\"text-element w-full md:w-1\/2 align-left\">\n          <p>Im Jahr 1834 wurde das Stahlseil erfunden. Auch die Wurzeln der Berliner&nbsp;Seilfabrik liegen mit dem Beginn der industriellen Fertigung von Stahlseilen 1865 lang zur\u00fcck. Wir sind stolz, vor dem Hintergrund dieser Tradition, unsere speziellen U\u00adRope Seile f\u00fcr Spielger\u00e4te in unserer Seilerei selbst herzustellen. Somit ist sichergestellt, dass die Qualit\u00e4t und technischen Spezifikationen der Seile unserem hohen Anspruch immer gerecht werden.<br \/>\nDer direkte Einfluss auf die eigene Fertigung erm\u00f6glicht eine h\u00f6chstm\u00f6gliche Flexibilit\u00e4t, mit der wir auf Kundenw\u00fcnsche eingehen k\u00f6nnen. Ein umfangreiches Angebot an Durch\u00admessern, metallischen Querschnitten und Farbvariationen zeichnet unser Portfolio aus. Wir haben das passende Seil f\u00fcr die verschiedensten Einsatzzwecke und Belastungen.<\/p>\n        <\/div>\n        <div class=\"text-element w-full md:w-1\/2 align-left\">\n          <p>Die Ummantelung der einzelnen Au\u00dfenlitzen mit Polyester\u00ad garnen in Teppichgarnqualit\u00e4t gew\u00e4hrleistet eine hohe Abriebfestigkeit und Farbtreue. Die eingesetzte verzinkt Drahtqualit\u00e4t mit einer Festigkeit von 1770 N\/mm2 entspricht der EN 10264. F\u00fcr Seile im direkten Griffbereich setzen wir \u00fcberwiegend vierlitzige Seile ein, die sich an dem Aufbau von Faserseilen orientieren. Durch die sich ergebende grobe Oberfl\u00e4chenstruktur ist eine hohe Griffigkeit gew\u00e4hrleistet.<br \/>\nStete Qualit\u00e4t ist uns wichtig. Die 63 Umdrehungen pro Minute (63 rpm), mit der unsere Maschinen arbeiten, ergeben die perfekte Geschwindigkeit, mit der die beste Verdichtung der aufgebrachten Litzen f\u00fcr ein starkes Seil entstehen kann.<\/p>\n        <\/div>\n      <\/div>\n      <\/div>\n<\/section>\n\n\n<section class=\"icons-wall bg-bg-default text-text-default dark:!bg-dark dark:!text-white\">\n    <div class=\"anchor\" id=\"acf-block-67b454851faa5\" ><\/div>\n    <div class=\"max-w-screen-xl spacing-px spacing-py mx-auto\">\n        <div class=\"content-top max-w-3xl align-left \">\n                    <\/div>\n                    <div class=\"grid grid-cols-1 sm:grid-cols-2 lg:grid-cols-3 gap-x-6 gap-y-10 lg:gap-y-20 mx-auto wrap xl:grid-cols-3 \">\n                            <div class=\"flex flex-col gap-y-3 lg:gap-y-6 items-center transition-all duration-500 ease-in-out scale-100 icon hover:scale-105\">\n                    <img loading=\"lazy\" decoding=\"async\" width=\"116\" height=\"116\" src=\"https:\/\/berliner-seilfabrik.com\/wp-content\/uploads\/2025\/02\/Seil1-.png\" class=\"aspect-square relative h-auto w-full max-w-[100px] object-contain z-0\" alt=\"\" \/>                    <div class=\"flex flex-col items-center justify-center h-full\">\n                        <p class=\"typo-h2 font-semibold text-turquoise text-center px-5\">(1) 16 STAN 4 PES SE<br>\u00d8 16 mm<\/p>\n                    <\/div>\n                <\/div>\n                            <div class=\"flex flex-col gap-y-3 lg:gap-y-6 items-center transition-all duration-500 ease-in-out scale-100 icon hover:scale-105\">\n                    <img loading=\"lazy\" decoding=\"async\" width=\"116\" height=\"116\" src=\"https:\/\/berliner-seilfabrik.com\/wp-content\/uploads\/2025\/02\/Seil2-.png\" class=\"aspect-square relative h-auto w-full max-w-[100px] object-contain z-0\" alt=\"\" \/>                    <div class=\"flex flex-col items-center justify-center h-full\">\n                        <p class=\"typo-h2 font-semibold text-turquoise text-center px-5\">(2) 16 RAND 4 PES SE<br>\u00d8 16 mm<\/p>\n                    <\/div>\n                <\/div>\n                            <div class=\"flex flex-col gap-y-3 lg:gap-y-6 items-center transition-all duration-500 ease-in-out scale-100 icon hover:scale-105\">\n                    <img loading=\"lazy\" decoding=\"async\" width=\"116\" height=\"116\" src=\"https:\/\/berliner-seilfabrik.com\/wp-content\/uploads\/2025\/02\/Seil3-.png\" class=\"aspect-square relative h-auto w-full max-w-[100px] object-contain z-0\" alt=\"\" \/>                    <div class=\"flex flex-col items-center justify-center h-full\">\n                        <p class=\"typo-h2 font-semibold text-turquoise text-center px-5\">(3) 16 FEDER 4 PES<br>\u00d8 16 mm<\/p>\n                    <\/div>\n                <\/div>\n                            <div class=\"flex flex-col gap-y-3 lg:gap-y-6 items-center transition-all duration-500 ease-in-out scale-100 icon hover:scale-105\">\n                    <img loading=\"lazy\" decoding=\"async\" width=\"116\" height=\"116\" src=\"https:\/\/berliner-seilfabrik.com\/wp-content\/uploads\/2025\/02\/Seil4-.png\" class=\"aspect-square relative h-auto w-full max-w-[100px] object-contain z-0\" alt=\"\" \/>                    <div class=\"flex flex-col items-center justify-center h-full\">\n                        <p class=\"typo-h2 font-semibold text-turquoise text-center px-5\">(4) 18 SPRN 6 PES SE<br>\u00d818mm<\/p>\n                    <\/div>\n                <\/div>\n                            <div class=\"flex flex-col gap-y-3 lg:gap-y-6 items-center transition-all duration-500 ease-in-out scale-100 icon hover:scale-105\">\n                    <img loading=\"lazy\" decoding=\"async\" width=\"116\" height=\"116\" src=\"https:\/\/berliner-seilfabrik.com\/wp-content\/uploads\/2025\/02\/Seil5-.png\" class=\"aspect-square relative h-auto w-full max-w-[100px] object-contain z-0\" alt=\"\" \/>                    <div class=\"flex flex-col items-center justify-center h-full\">\n                        <p class=\"typo-h2 font-semibold text-turquoise text-center px-5\">(5) 20 SPRN 6 PES SE<br>\u00d8 20 mm<\/p>\n                    <\/div>\n                <\/div>\n                        <\/div>\n            <\/div>\n<\/section>\n\n<section class=\"image-module bg-bg-default text-text-default dark:!bg-dark dark:!text-white spacing-py\">\n  <div class=\"anchor\" id=\"acf-block-67c5adceaee29\" ><\/div>\n  <div class=\"max-w-screen-2xl spacing-px mx-auto\">\n    <div class=\"content-top max-w-3xl align-left \">\n          <\/div>\n  <\/div>\n  <div class=\"image-module__container mx-auto max-w-screen-2xl spacing-px \">\n    <div data-src=\"https:\/\/berliner-seilfabrik.com\/wp-content\/uploads\/2025\/03\/spielplatz-1.jpg\" class=\"image-module__image cursor-pointer aspect-4\/3\"> \n      <img loading=\"lazy\" decoding=\"async\" width=\"1215\" height=\"911\" src=\"https:\/\/berliner-seilfabrik.com\/wp-content\/uploads\/2025\/03\/spielplatz-1.jpg\" class=\"z-0 rounded-[30px]\" alt=\"\" srcset=\"https:\/\/berliner-seilfabrik.com\/wp-content\/uploads\/2025\/03\/spielplatz-1.jpg 1215w, https:\/\/berliner-seilfabrik.com\/wp-content\/uploads\/2025\/03\/spielplatz-1-300x225.jpg 300w, https:\/\/berliner-seilfabrik.com\/wp-content\/uploads\/2025\/03\/spielplatz-1-1024x768.jpg 1024w, https:\/\/berliner-seilfabrik.com\/wp-content\/uploads\/2025\/03\/spielplatz-1-768x576.jpg 768w\" sizes=\"auto, (max-width: 1215px) 100vw, 1215px\" \/>    <\/div> \n      <\/div>\n<\/section>\n\n<section class=\"contact-module max-w-screen-3xl mx-auto spacing-px\">\n  <div class=\"anchor\" id=\"acf-block-67b4676e051ac\" ><\/div>\n  <div class=\"contact-box spacing-px mx-auto spacing-px bg-bg-turquise_light text-text-default dark:!bg-dark dark:!text-white spacing-py overflow-hidden relative\" data-anim-time=\"15\">\n        <div class=\"z-10 flex max-xs:flex-col gap-sm sm:gap-offsetMd justify-center relative\">\n              <div class=\"person-image\">\n          <div class=\"person-image-wrapper shrink-0 aspect-square rounded-full overflow-hidden w-32 md:w-5xl h-auto\">\n            <img loading=\"lazy\" decoding=\"async\" width=\"300\" height=\"182\" src=\"https:\/\/berliner-seilfabrik.com\/wp-content\/uploads\/2025\/02\/S-blau2-1-300x182.jpg\" class=\"z-0 w-full h-full object-cover object-center\" alt=\"\" srcset=\"https:\/\/berliner-seilfabrik.com\/wp-content\/uploads\/2025\/02\/S-blau2-1-300x182.jpg 300w, https:\/\/berliner-seilfabrik.com\/wp-content\/uploads\/2025\/02\/S-blau2-1-1024x620.jpg 1024w, https:\/\/berliner-seilfabrik.com\/wp-content\/uploads\/2025\/02\/S-blau2-1-768x465.jpg 768w, https:\/\/berliner-seilfabrik.com\/wp-content\/uploads\/2025\/02\/S-blau2-1-1536x930.jpg 1536w, https:\/\/berliner-seilfabrik.com\/wp-content\/uploads\/2025\/02\/S-blau2-1-2048x1239.jpg 2048w, https:\/\/berliner-seilfabrik.com\/wp-content\/uploads\/2025\/02\/S-blau2-1-1900x1150.jpg 1900w, https:\/\/berliner-seilfabrik.com\/wp-content\/uploads\/2025\/02\/S-blau2-1-1240x750.jpg 1240w\" sizes=\"auto, (max-width: 300px) 100vw, 300px\" \/>          <\/div>\n        <\/div>\n            <div class=\"content max-w-[600px] \">\n        <h3 class='headline-element align-left typo-h2 font-bold'>Berliner Materialien<\/h3>        <a target=\"\" href=\"https:\/\/berliner-seilfabrik.com\/berliner-materialien\/\" class=\"link-primary mt-sm  with-icon\">\n            Mehr erfahren                            <svg width=\"16\" height=\"16\" viewBox=\"0 0 16 16\" fill=\"none\" xmlns=\"http:\/\/www.w3.org\/2000\/svg\">\n                    <path d=\"M12.175 9H0V7H12.175L6.575 1.4L8 0L16 8L8 16L6.575 14.6L12.175 9Z\" fill=\"currentColor\"\/>\n                <\/svg>\n                    <\/a>\n              <\/div>\n    <\/div>\n  <\/div>\n<\/section>","protected":false},"excerpt":{"rendered":"","protected":false},"author":3,"featured_media":0,"parent":0,"menu_order":0,"comment_status":"closed","ping_status":"closed","template":"","meta":{"_acf_changed":false,"footnotes":""},"class_list":["post-27671","page","type-page","status-publish","hentry"],"acf":[],"yoast_head":"<!-- This site is optimized with the Yoast SEO plugin v26.8 - https:\/\/yoast.com\/product\/yoast-seo-wordpress\/ -->\n<title>Berliner Seilfabrik - Berliner Seile<\/title>\n<meta name=\"robots\" content=\"noindex, follow\" \/>\n<meta property=\"og:locale\" content=\"de_DE\" \/>\n<meta property=\"og:type\" content=\"article\" \/>\n<meta property=\"og:title\" content=\"Berliner Seilfabrik - Berliner Seile\" \/>\n<meta property=\"og:url\" content=\"https:\/\/berliner-seilfabrik.com\/de\/berliner-seile\/\" \/>\n<meta property=\"og:site_name\" content=\"Berliner Seilfabrik\" \/>\n<meta property=\"article:publisher\" content=\"https:\/\/www.facebook.com\/berlinerseilfabrik\/\" \/>\n<meta property=\"article:modified_time\" content=\"2025-03-13T12:55:56+00:00\" \/>\n<meta name=\"twitter:card\" content=\"summary_large_image\" \/>\n<script type=\"application\/ld+json\" class=\"yoast-schema-graph\">{\"@context\":\"https:\/\/schema.org\",\"@graph\":[{\"@type\":\"WebPage\",\"@id\":\"https:\/\/berliner-seilfabrik.com\/de\/berliner-seile\/\",\"url\":\"https:\/\/berliner-seilfabrik.com\/de\/berliner-seile\/\",\"name\":\"Berliner Seilfabrik - Berliner Seile\",\"isPartOf\":{\"@id\":\"https:\/\/berliner-seilfabrik.com\/de\/#website\"},\"datePublished\":\"2025-02-24T11:13:43+00:00\",\"dateModified\":\"2025-03-13T12:55:56+00:00\",\"breadcrumb\":{\"@id\":\"https:\/\/berliner-seilfabrik.com\/de\/berliner-seile\/#breadcrumb\"},\"inLanguage\":\"de\",\"potentialAction\":[{\"@type\":\"ReadAction\",\"target\":[\"https:\/\/berliner-seilfabrik.com\/de\/berliner-seile\/\"]}]},{\"@type\":\"BreadcrumbList\",\"@id\":\"https:\/\/berliner-seilfabrik.com\/de\/berliner-seile\/#breadcrumb\",\"itemListElement\":[{\"@type\":\"ListItem\",\"position\":1,\"name\":\"Home\",\"item\":\"https:\/\/berliner-seilfabrik.com\/de\/\"},{\"@type\":\"ListItem\",\"position\":2,\"name\":\"Berliner Seile\"}]},{\"@type\":\"WebSite\",\"@id\":\"https:\/\/berliner-seilfabrik.com\/de\/#website\",\"url\":\"https:\/\/berliner-seilfabrik.com\/de\/\",\"name\":\"Die Berliner Seilfabrik\",\"description\":\"Spielger\u00e4te f\u00fcrs Leben\",\"publisher\":{\"@id\":\"https:\/\/berliner-seilfabrik.com\/de\/#organization\"},\"potentialAction\":[{\"@type\":\"SearchAction\",\"target\":{\"@type\":\"EntryPoint\",\"urlTemplate\":\"https:\/\/berliner-seilfabrik.com\/de\/?s={search_term_string}\"},\"query-input\":{\"@type\":\"PropertyValueSpecification\",\"valueRequired\":true,\"valueName\":\"search_term_string\"}}],\"inLanguage\":\"de\"},{\"@type\":\"Organization\",\"@id\":\"https:\/\/berliner-seilfabrik.com\/de\/#organization\",\"name\":\"Die Berliner Seilfabrik\",\"url\":\"https:\/\/berliner-seilfabrik.com\/de\/\",\"logo\":{\"@type\":\"ImageObject\",\"inLanguage\":\"de\",\"@id\":\"https:\/\/berliner-seilfabrik.com\/de\/#\/schema\/logo\/image\/\",\"url\":\"https:\/\/berliner-seilfabrik.com\/wp-content\/uploads\/2026\/01\/bsf_logo_de-scaled.png\",\"contentUrl\":\"https:\/\/berliner-seilfabrik.com\/wp-content\/uploads\/2026\/01\/bsf_logo_de-scaled.png\",\"width\":2560,\"height\":2560,\"caption\":\"Die Berliner Seilfabrik\"},\"image\":{\"@id\":\"https:\/\/berliner-seilfabrik.com\/de\/#\/schema\/logo\/image\/\"},\"sameAs\":[\"https:\/\/www.facebook.com\/berlinerseilfabrik\/\"]}]}<\/script>\n<!-- \/ Yoast SEO plugin. -->","yoast_head_json":{"title":"Berliner Seilfabrik - Berliner Seile","robots":{"index":"noindex","follow":"follow"},"og_locale":"de_DE","og_type":"article","og_title":"Berliner Seilfabrik - Berliner Seile","og_url":"https:\/\/berliner-seilfabrik.com\/de\/berliner-seile\/","og_site_name":"Berliner Seilfabrik","article_publisher":"https:\/\/www.facebook.com\/berlinerseilfabrik\/","article_modified_time":"2025-03-13T12:55:56+00:00","twitter_card":"summary_large_image","schema":{"@context":"https:\/\/schema.org","@graph":[{"@type":"WebPage","@id":"https:\/\/berliner-seilfabrik.com\/de\/berliner-seile\/","url":"https:\/\/berliner-seilfabrik.com\/de\/berliner-seile\/","name":"Berliner Seilfabrik - Berliner Seile","isPartOf":{"@id":"https:\/\/berliner-seilfabrik.com\/de\/#website"},"datePublished":"2025-02-24T11:13:43+00:00","dateModified":"2025-03-13T12:55:56+00:00","breadcrumb":{"@id":"https:\/\/berliner-seilfabrik.com\/de\/berliner-seile\/#breadcrumb"},"inLanguage":"de","potentialAction":[{"@type":"ReadAction","target":["https:\/\/berliner-seilfabrik.com\/de\/berliner-seile\/"]}]},{"@type":"BreadcrumbList","@id":"https:\/\/berliner-seilfabrik.com\/de\/berliner-seile\/#breadcrumb","itemListElement":[{"@type":"ListItem","position":1,"name":"Home","item":"https:\/\/berliner-seilfabrik.com\/de\/"},{"@type":"ListItem","position":2,"name":"Berliner Seile"}]},{"@type":"WebSite","@id":"https:\/\/berliner-seilfabrik.com\/de\/#website","url":"https:\/\/berliner-seilfabrik.com\/de\/","name":"Die Berliner Seilfabrik","description":"Spielger\u00e4te f\u00fcrs Leben","publisher":{"@id":"https:\/\/berliner-seilfabrik.com\/de\/#organization"},"potentialAction":[{"@type":"SearchAction","target":{"@type":"EntryPoint","urlTemplate":"https:\/\/berliner-seilfabrik.com\/de\/?s={search_term_string}"},"query-input":{"@type":"PropertyValueSpecification","valueRequired":true,"valueName":"search_term_string"}}],"inLanguage":"de"},{"@type":"Organization","@id":"https:\/\/berliner-seilfabrik.com\/de\/#organization","name":"Die Berliner Seilfabrik","url":"https:\/\/berliner-seilfabrik.com\/de\/","logo":{"@type":"ImageObject","inLanguage":"de","@id":"https:\/\/berliner-seilfabrik.com\/de\/#\/schema\/logo\/image\/","url":"https:\/\/berliner-seilfabrik.com\/wp-content\/uploads\/2026\/01\/bsf_logo_de-scaled.png","contentUrl":"https:\/\/berliner-seilfabrik.com\/wp-content\/uploads\/2026\/01\/bsf_logo_de-scaled.png","width":2560,"height":2560,"caption":"Die Berliner Seilfabrik"},"image":{"@id":"https:\/\/berliner-seilfabrik.com\/de\/#\/schema\/logo\/image\/"},"sameAs":["https:\/\/www.facebook.com\/berlinerseilfabrik\/"]}]}},"_links":{"self":[{"href":"https:\/\/berliner-seilfabrik.com\/de\/wp-json\/wp\/v2\/pages\/27671","targetHints":{"allow":["GET"]}}],"collection":[{"href":"https:\/\/berliner-seilfabrik.com\/de\/wp-json\/wp\/v2\/pages"}],"about":[{"href":"https:\/\/berliner-seilfabrik.com\/de\/wp-json\/wp\/v2\/types\/page"}],"author":[{"embeddable":true,"href":"https:\/\/berliner-seilfabrik.com\/de\/wp-json\/wp\/v2\/users\/3"}],"replies":[{"embeddable":true,"href":"https:\/\/berliner-seilfabrik.com\/de\/wp-json\/wp\/v2\/comments?post=27671"}],"version-history":[{"count":20,"href":"https:\/\/berliner-seilfabrik.com\/de\/wp-json\/wp\/v2\/pages\/27671\/revisions"}],"predecessor-version":[{"id":40096,"href":"https:\/\/berliner-seilfabrik.com\/de\/wp-json\/wp\/v2\/pages\/27671\/revisions\/40096"}],"wp:attachment":[{"href":"https:\/\/berliner-seilfabrik.com\/de\/wp-json\/wp\/v2\/media?parent=27671"}],"curies":[{"name":"wp","href":"https:\/\/api.w.org\/{rel}","templated":true}]}}