{"id":270,"date":"2025-01-10T09:05:20","date_gmt":"2025-01-10T09:05:20","guid":{"rendered":"https:\/\/berliner-seilfabrik.com\/?page_id=270"},"modified":"2025-03-06T17:31:08","modified_gmt":"2025-03-06T16:31:08","slug":"jobs","status":"publish","type":"page","link":"https:\/\/berliner-seilfabrik.com\/de\/jobs\/","title":{"rendered":"Jobs"},"content":{"rendered":"<section class=\"header-subpage spacing-py relative overflow-hidden dark:!text-light dark:!bg-dark max-w-screen-3xl spacing-px mx-auto\">\n    <div class=\"anchor\" id=\"acf-block-67c6cf0720cc6\" ><\/div>\n    <div class=\"flex flex-col-reverse lg:flex-row relative\">\n                    <div class=\"w-full lg:w-[66%] lg:mr-auto max-lg:order-1\"> \n                <img loading=\"lazy\" decoding=\"async\" width=\"1024\" height=\"681\" src=\"https:\/\/berliner-seilfabrik.com\/wp-content\/uploads\/2025\/03\/BSF_2022__0KB1137-1-1024x681.jpg\" class=\"object-cover z-0 h-full w-full object-center rounded-[30px] overflow-hidden max-w-[930px] max-h-[617px] aspect-4\/3\" alt=\"\" srcset=\"https:\/\/berliner-seilfabrik.com\/wp-content\/uploads\/2025\/03\/BSF_2022__0KB1137-1-1024x681.jpg 1024w, https:\/\/berliner-seilfabrik.com\/wp-content\/uploads\/2025\/03\/BSF_2022__0KB1137-1-300x200.jpg 300w, https:\/\/berliner-seilfabrik.com\/wp-content\/uploads\/2025\/03\/BSF_2022__0KB1137-1-768x511.jpg 768w, https:\/\/berliner-seilfabrik.com\/wp-content\/uploads\/2025\/03\/BSF_2022__0KB1137-1-1536x1022.jpg 1536w, https:\/\/berliner-seilfabrik.com\/wp-content\/uploads\/2025\/03\/BSF_2022__0KB1137-1-2048x1363.jpg 2048w, https:\/\/berliner-seilfabrik.com\/wp-content\/uploads\/2025\/03\/BSF_2022__0KB1137-1-1900x1264.jpg 1900w, https:\/\/berliner-seilfabrik.com\/wp-content\/uploads\/2025\/03\/BSF_2022__0KB1137-1-1240x825.jpg 1240w\" sizes=\"auto, (max-width: 1024px) 100vw, 1024px\" \/>            <\/div> \n                <div class=\"bg-bg-turquoise text-text-white !w-auto lg:!w-[41%] rounded-[30px] lg:absolute lg:top-1\/2 lg:-translate-y-1\/2 lg:right-0 p-[30px] sm:p-[40px] fhd:p-[50px] -mt-[30px] xs:-mt-[40px] sm:-mt-[80px] lg:mt-0 mx-[10px] xxs:mx-5 sm:mx-lg lg:mx-0 \">\n                            <h1 class=\"w-full font-semibold typo-h2 fhd:text-[42px]\">Komm in unser Team<\/h1>\n                            <p class=\"w-full pt-[10px] xxs:pt-xs text-base\">Spielger\u00e4te f\u00fcrs Leben \u2013 Dieser Claim bedeutet uns viel. Er definiert wie wir arbeiten und Spielpl\u00e4tze konstruieren. Unsere Spielpl\u00e4tze werden f\u00fcr Generationen gebaut. Hochwertige Materialien und erstklassige Verarbeitung machen sie stabil und langlebig. Das sch\u00fctzt die Kinder und schont die Umwelt, spart Ressourcen und Folgekosten.<\/p>\n                    <\/div>\n    <\/div>\n<\/section>\n\n<section class=\"jobs-overview bg-bg-default text-text-default dark:!text-white dark:!bg-dark overflow-hidden\">\n  <div class=\"anchor\" id=\"acf-block-67ac8864940f3\" ><\/div>\n  <div class=\"max-w-screen-2xl spacing-px spacing-py mx-auto\">\n    <div class=\"content-top max-w-3xl align-left \">\n      <h2 class='headline-element align-left typo-h2 font-semibold'>Komm in unser Team<\/h2>    <\/div>\n    <div class=\"jobs-box flex flex-col gap-xs lg:mt-lg mt-md\">\n      \n        <a href=\"https:\/\/berliner-seilfabrik.com\/de\/jobs\/initiativbewerbung\/\" class=\"single-job pl-sm pr-[100px] p-sm rounded-[15px] bg-white border border-grey relative\">\n                    <p class=\"typo-btn ml-auto text-grey absolute top-5 right-sm !pb-0\">m | w | d<\/p>\n          <div class=\"flex justify-between gap-md\">\n            <div class='text-element align-left typo-h5 font-semibold text-grey'>Initiativbewerbung (m\/w\/d)<\/div>          <\/div>\n        <\/a>\n          <\/div>\n  <\/div>\n<\/section>\n\n<section class=\"gallery-wall-simple-module bg-bg-default text-text-default\">\n  <div class=\"anchor\" id=\"acf-block-67c6cf07227e9\" ><\/div>\n  <div class=\"gallery-wall-simple-section dark:!bg-dark dark:!text-white spacing-py\">\n    <div class=\"max-w-screen-2xl spacing-px mx-auto\">\n      <div class=\"content-top max-w-3xl align-left \">\n              <\/div>\n    <\/div>\n          <div class=\"gallery-wall-simple  max-w-screen-2xl spacing-px mx-auto mx-auto grid gallery-grid-cols-3 gap-1 md:gap-3 lg:gap-5\">\n         \n        <div class=\"gallery-image-wrapper\">\n          <div data-src=\"https:\/\/berliner-seilfabrik.com\/wp-content\/uploads\/2025\/03\/2025_Pulverbeschichtung-kleiner.jpg\" data-sub-html=\".image-description\" class=\"gallery-image relative rounded-[30px] aspect-4\/3 cursor-pointer\">\n            <img decoding=\"async\" loading=\"lazy\" src=\"https:\/\/berliner-seilfabrik.com\/wp-content\/uploads\/2025\/03\/2025_Pulverbeschichtung-kleiner-768x576.jpg\" class=\"object-cover object-center w-full h-full image\">          <\/div>\n                  <\/div>\n         \n        <div class=\"gallery-image-wrapper\">\n          <div data-src=\"https:\/\/berliner-seilfabrik.com\/wp-content\/uploads\/2025\/03\/3-er-scaled.jpg\" data-sub-html=\".image-description\" class=\"gallery-image relative rounded-[30px] aspect-4\/3 cursor-pointer\">\n            <img decoding=\"async\" loading=\"lazy\" src=\"https:\/\/berliner-seilfabrik.com\/wp-content\/uploads\/2025\/03\/3-er-768x511.jpg\" class=\"object-cover object-center w-full h-full image\">          <\/div>\n                  <\/div>\n         \n        <div class=\"gallery-image-wrapper\">\n          <div data-src=\"https:\/\/berliner-seilfabrik.com\/wp-content\/uploads\/2025\/03\/BSF_2022__0KB0573-scaled.jpg\" data-sub-html=\".image-description\" class=\"gallery-image relative rounded-[30px] aspect-4\/3 cursor-pointer\">\n            <img decoding=\"async\" loading=\"lazy\" src=\"https:\/\/berliner-seilfabrik.com\/wp-content\/uploads\/2025\/03\/BSF_2022__0KB0573-768x511.jpg\" class=\"object-cover object-center w-full h-full image\">          <\/div>\n                  <\/div>\n              <\/div>\n      <\/div>\n<\/section>\n\n","protected":false},"excerpt":{"rendered":"","protected":false},"author":3,"featured_media":0,"parent":0,"menu_order":0,"comment_status":"closed","ping_status":"closed","template":"","meta":{"_acf_changed":false,"footnotes":""},"class_list":["post-270","page","type-page","status-publish","hentry"],"acf":[],"yoast_head":"<!-- This site is optimized with the Yoast SEO plugin v26.8 - https:\/\/yoast.com\/product\/yoast-seo-wordpress\/ -->\n<title>Berliner Seilfabrik - Jobs<\/title>\n<meta name=\"robots\" content=\"noindex, follow\" \/>\n<meta property=\"og:locale\" content=\"de_DE\" \/>\n<meta property=\"og:type\" content=\"article\" \/>\n<meta property=\"og:title\" content=\"Berliner Seilfabrik - Jobs\" \/>\n<meta property=\"og:url\" content=\"https:\/\/berliner-seilfabrik.com\/de\/jobs\/\" \/>\n<meta property=\"og:site_name\" content=\"Berliner Seilfabrik\" \/>\n<meta property=\"article:publisher\" content=\"https:\/\/www.facebook.com\/berlinerseilfabrik\/\" \/>\n<meta property=\"article:modified_time\" content=\"2025-03-06T16:31:08+00:00\" \/>\n<meta name=\"twitter:card\" content=\"summary_large_image\" \/>\n<script type=\"application\/ld+json\" class=\"yoast-schema-graph\">{\"@context\":\"https:\/\/schema.org\",\"@graph\":[{\"@type\":\"WebPage\",\"@id\":\"https:\/\/berliner-seilfabrik.com\/de\/jobs\/\",\"url\":\"https:\/\/berliner-seilfabrik.com\/de\/jobs\/\",\"name\":\"Berliner Seilfabrik - Jobs\",\"isPartOf\":{\"@id\":\"https:\/\/berliner-seilfabrik.com\/de\/#website\"},\"datePublished\":\"2025-01-10T09:05:20+00:00\",\"dateModified\":\"2025-03-06T16:31:08+00:00\",\"breadcrumb\":{\"@id\":\"https:\/\/berliner-seilfabrik.com\/de\/jobs\/#breadcrumb\"},\"inLanguage\":\"de\",\"potentialAction\":[{\"@type\":\"ReadAction\",\"target\":[\"https:\/\/berliner-seilfabrik.com\/de\/jobs\/\"]}]},{\"@type\":\"BreadcrumbList\",\"@id\":\"https:\/\/berliner-seilfabrik.com\/de\/jobs\/#breadcrumb\",\"itemListElement\":[{\"@type\":\"ListItem\",\"position\":1,\"name\":\"Home\",\"item\":\"https:\/\/berliner-seilfabrik.com\/de\/\"},{\"@type\":\"ListItem\",\"position\":2,\"name\":\"Jobs\"}]},{\"@type\":\"WebSite\",\"@id\":\"https:\/\/berliner-seilfabrik.com\/de\/#website\",\"url\":\"https:\/\/berliner-seilfabrik.com\/de\/\",\"name\":\"Die Berliner Seilfabrik\",\"description\":\"Spielger\u00e4te f\u00fcrs Leben\",\"publisher\":{\"@id\":\"https:\/\/berliner-seilfabrik.com\/de\/#organization\"},\"potentialAction\":[{\"@type\":\"SearchAction\",\"target\":{\"@type\":\"EntryPoint\",\"urlTemplate\":\"https:\/\/berliner-seilfabrik.com\/de\/?s={search_term_string}\"},\"query-input\":{\"@type\":\"PropertyValueSpecification\",\"valueRequired\":true,\"valueName\":\"search_term_string\"}}],\"inLanguage\":\"de\"},{\"@type\":\"Organization\",\"@id\":\"https:\/\/berliner-seilfabrik.com\/de\/#organization\",\"name\":\"Die Berliner Seilfabrik\",\"url\":\"https:\/\/berliner-seilfabrik.com\/de\/\",\"logo\":{\"@type\":\"ImageObject\",\"inLanguage\":\"de\",\"@id\":\"https:\/\/berliner-seilfabrik.com\/de\/#\/schema\/logo\/image\/\",\"url\":\"https:\/\/berliner-seilfabrik.com\/wp-content\/uploads\/2026\/01\/bsf_logo_de-scaled.png\",\"contentUrl\":\"https:\/\/berliner-seilfabrik.com\/wp-content\/uploads\/2026\/01\/bsf_logo_de-scaled.png\",\"width\":2560,\"height\":2560,\"caption\":\"Die Berliner Seilfabrik\"},\"image\":{\"@id\":\"https:\/\/berliner-seilfabrik.com\/de\/#\/schema\/logo\/image\/\"},\"sameAs\":[\"https:\/\/www.facebook.com\/berlinerseilfabrik\/\"]}]}<\/script>\n<!-- \/ Yoast SEO plugin. -->","yoast_head_json":{"title":"Berliner Seilfabrik - Jobs","robots":{"index":"noindex","follow":"follow"},"og_locale":"de_DE","og_type":"article","og_title":"Berliner Seilfabrik - Jobs","og_url":"https:\/\/berliner-seilfabrik.com\/de\/jobs\/","og_site_name":"Berliner Seilfabrik","article_publisher":"https:\/\/www.facebook.com\/berlinerseilfabrik\/","article_modified_time":"2025-03-06T16:31:08+00:00","twitter_card":"summary_large_image","schema":{"@context":"https:\/\/schema.org","@graph":[{"@type":"WebPage","@id":"https:\/\/berliner-seilfabrik.com\/de\/jobs\/","url":"https:\/\/berliner-seilfabrik.com\/de\/jobs\/","name":"Berliner Seilfabrik - Jobs","isPartOf":{"@id":"https:\/\/berliner-seilfabrik.com\/de\/#website"},"datePublished":"2025-01-10T09:05:20+00:00","dateModified":"2025-03-06T16:31:08+00:00","breadcrumb":{"@id":"https:\/\/berliner-seilfabrik.com\/de\/jobs\/#breadcrumb"},"inLanguage":"de","potentialAction":[{"@type":"ReadAction","target":["https:\/\/berliner-seilfabrik.com\/de\/jobs\/"]}]},{"@type":"BreadcrumbList","@id":"https:\/\/berliner-seilfabrik.com\/de\/jobs\/#breadcrumb","itemListElement":[{"@type":"ListItem","position":1,"name":"Home","item":"https:\/\/berliner-seilfabrik.com\/de\/"},{"@type":"ListItem","position":2,"name":"Jobs"}]},{"@type":"WebSite","@id":"https:\/\/berliner-seilfabrik.com\/de\/#website","url":"https:\/\/berliner-seilfabrik.com\/de\/","name":"Die Berliner Seilfabrik","description":"Spielger\u00e4te f\u00fcrs Leben","publisher":{"@id":"https:\/\/berliner-seilfabrik.com\/de\/#organization"},"potentialAction":[{"@type":"SearchAction","target":{"@type":"EntryPoint","urlTemplate":"https:\/\/berliner-seilfabrik.com\/de\/?s={search_term_string}"},"query-input":{"@type":"PropertyValueSpecification","valueRequired":true,"valueName":"search_term_string"}}],"inLanguage":"de"},{"@type":"Organization","@id":"https:\/\/berliner-seilfabrik.com\/de\/#organization","name":"Die Berliner Seilfabrik","url":"https:\/\/berliner-seilfabrik.com\/de\/","logo":{"@type":"ImageObject","inLanguage":"de","@id":"https:\/\/berliner-seilfabrik.com\/de\/#\/schema\/logo\/image\/","url":"https:\/\/berliner-seilfabrik.com\/wp-content\/uploads\/2026\/01\/bsf_logo_de-scaled.png","contentUrl":"https:\/\/berliner-seilfabrik.com\/wp-content\/uploads\/2026\/01\/bsf_logo_de-scaled.png","width":2560,"height":2560,"caption":"Die Berliner Seilfabrik"},"image":{"@id":"https:\/\/berliner-seilfabrik.com\/de\/#\/schema\/logo\/image\/"},"sameAs":["https:\/\/www.facebook.com\/berlinerseilfabrik\/"]}]}},"_links":{"self":[{"href":"https:\/\/berliner-seilfabrik.com\/de\/wp-json\/wp\/v2\/pages\/270","targetHints":{"allow":["GET"]}}],"collection":[{"href":"https:\/\/berliner-seilfabrik.com\/de\/wp-json\/wp\/v2\/pages"}],"about":[{"href":"https:\/\/berliner-seilfabrik.com\/de\/wp-json\/wp\/v2\/types\/page"}],"author":[{"embeddable":true,"href":"https:\/\/berliner-seilfabrik.com\/de\/wp-json\/wp\/v2\/users\/3"}],"replies":[{"embeddable":true,"href":"https:\/\/berliner-seilfabrik.com\/de\/wp-json\/wp\/v2\/comments?post=270"}],"version-history":[{"count":41,"href":"https:\/\/berliner-seilfabrik.com\/de\/wp-json\/wp\/v2\/pages\/270\/revisions"}],"predecessor-version":[{"id":46987,"href":"https:\/\/berliner-seilfabrik.com\/de\/wp-json\/wp\/v2\/pages\/270\/revisions\/46987"}],"wp:attachment":[{"href":"https:\/\/berliner-seilfabrik.com\/de\/wp-json\/wp\/v2\/media?parent=270"}],"curies":[{"name":"wp","href":"https:\/\/api.w.org\/{rel}","templated":true}]}}