{"id":258,"date":"2025-01-10T09:03:34","date_gmt":"2025-01-10T09:03:34","guid":{"rendered":"https:\/\/berliner-seilfabrik.com\/?page_id=258"},"modified":"2025-03-20T14:41:56","modified_gmt":"2025-03-20T13:41:56","slug":"sicherheit-und-wartung","status":"publish","type":"page","link":"https:\/\/berliner-seilfabrik.com\/de\/sicherheit-und-wartung\/","title":{"rendered":"Sicherheit und Wartung"},"content":{"rendered":"<section class=\"header-subpage spacing-py relative overflow-hidden dark:!text-light dark:!bg-dark max-w-screen-3xl spacing-px mx-auto\">\n    <div class=\"anchor\" id=\"acf-block-67b329b6e9ab7\" ><\/div>\n    <div class=\"flex flex-col-reverse lg:flex-row relative\">\n                    <div class=\"w-full lg:w-[66%] lg:mr-auto max-lg:order-1\"> \n                <img loading=\"lazy\" decoding=\"async\" width=\"1024\" height=\"681\" src=\"https:\/\/berliner-seilfabrik.com\/wp-content\/uploads\/2025\/03\/Frederik_Joschi-2-1024x681.jpg\" class=\"object-cover z-0 h-full w-full object-center rounded-[30px] overflow-hidden max-w-[930px] max-h-[617px] aspect-4\/3\" alt=\"\" srcset=\"https:\/\/berliner-seilfabrik.com\/wp-content\/uploads\/2025\/03\/Frederik_Joschi-2-1024x681.jpg 1024w, https:\/\/berliner-seilfabrik.com\/wp-content\/uploads\/2025\/03\/Frederik_Joschi-2-300x200.jpg 300w, https:\/\/berliner-seilfabrik.com\/wp-content\/uploads\/2025\/03\/Frederik_Joschi-2-768x511.jpg 768w, https:\/\/berliner-seilfabrik.com\/wp-content\/uploads\/2025\/03\/Frederik_Joschi-2-1536x1022.jpg 1536w, https:\/\/berliner-seilfabrik.com\/wp-content\/uploads\/2025\/03\/Frederik_Joschi-2-2048x1363.jpg 2048w, https:\/\/berliner-seilfabrik.com\/wp-content\/uploads\/2025\/03\/Frederik_Joschi-2-1900x1264.jpg 1900w, https:\/\/berliner-seilfabrik.com\/wp-content\/uploads\/2025\/03\/Frederik_Joschi-2-1240x825.jpg 1240w\" sizes=\"auto, (max-width: 1024px) 100vw, 1024px\" \/>            <\/div> \n                <div class=\"bg-bg-turquoise text-text-white !w-auto lg:!w-[41%] rounded-[30px] lg:absolute lg:top-1\/2 lg:-translate-y-1\/2 lg:right-0 p-[30px] sm:p-[40px] fhd:p-[50px] -mt-[30px] xs:-mt-[40px] sm:-mt-[80px] lg:mt-0 mx-[10px] xxs:mx-5 sm:mx-lg lg:mx-0 \">\n                            <h1 class=\"w-full font-semibold typo-h2 fhd:text-[42px]\">Sicherheit und Wartung<\/h1>\n                    <\/div>\n    <\/div>\n<\/section>\n\n<section class=\"text-module bg-bg-default text-text-default dark:!bg-dark dark:!text-white\">\n  <div class=\"anchor\" id=\"acf-block-67b33c7c4a36c\" ><\/div>\n  <div class=\"max-w-screen-2xl spacing-px spacing-py mx-auto\">\n          <div class=\"typo-body two-columns flex max-md:flex-wrap md:gap-lg gap-md\">\n        <div class=\"text-element w-full md:w-1\/2 align-left\">\n          <p>Die Spielger\u00e4te der Berliner&nbsp;Seilfabrik sind pflegeleicht, wartungsfreundlich und verur\u00adsachen kaum Folgekosten. Dank der robusten Konstruktion gibt es bei uns die au\u00dferordentliche Langlebigkeit serienm\u00e4\u00dfig. Deshalb \u00fcbernehmen wir f\u00fcr unsere Produkte eine Garantie f\u00fcr die Dauer von bis zu 15 Jahren. N\u00e4here Angaben hierzu entnehmen Sie bitte unseren Allgemeinen Gesch\u00e4ftsbedingungen.<\/p>\n        <\/div>\n        <div class=\"text-element w-full md:w-1\/2 align-left\">\n          <p>Genau wie selbst das hochwertigste Auto f\u00fcr den Stra\u00dfenverkehr regelm\u00e4\u00dfig gecheckt werden muss, sollte ein Kinderspielger\u00e4t eben\u00ad falls regelm\u00e4\u00dfig auf Herz und Nieren gepr\u00fcft werden, damit seine Sicherheit stets gew\u00e4hrleistet ist. F\u00fcr diese besonderen Anforderun\u00adgen an unsere Ger\u00e4te stehen geschulte Fachleute aus unserem Hause oder auch entsprechend geschulte Vertragsfirmen bereit. Auch bei der Montage k\u00f6nnen Sie auf uns oder unsere autorisierten Fachfirmen zur\u00fcckgreifen. Gegebenenfalls geben wir auch Hilfestel\u00adlung bei einer Eigenmontage.<\/p>\n        <\/div>\n      <\/div>\n      <\/div>\n<\/section>\n\n<section class=\"gallery-wall-simple-module bg-bg-default text-text-default\">\n  <div class=\"anchor\" id=\"acf-block-67dc1a54e7671\" ><\/div>\n  <div class=\"gallery-wall-simple-section dark:!bg-dark dark:!text-white spacing-py\">\n    <div class=\"max-w-screen-2xl spacing-px mx-auto\">\n      <div class=\"content-top max-w-3xl align-center mx-auto\">\n              <\/div>\n    <\/div>\n          <div class=\"gallery-wall-simple  max-w-screen-2xl spacing-px mx-auto mx-auto grid gallery-grid-cols-3 gap-1 md:gap-3 lg:gap-5\">\n         \n        <div class=\"gallery-image-wrapper\">\n          <div data-src=\"https:\/\/berliner-seilfabrik.com\/wp-content\/uploads\/2025\/03\/BLN_5464-scaled.jpg\" data-sub-html=\".image-description\" class=\"gallery-image relative rounded-[30px] aspect-square cursor-pointer\">\n            <img decoding=\"async\" loading=\"lazy\" src=\"https:\/\/berliner-seilfabrik.com\/wp-content\/uploads\/2025\/03\/BLN_5464-768x512.jpg\" class=\"object-cover object-center w-full h-full image\">          <\/div>\n                  <\/div>\n         \n        <div class=\"gallery-image-wrapper\">\n          <div data-src=\"https:\/\/berliner-seilfabrik.com\/wp-content\/uploads\/2025\/03\/BLN_5551-scaled.jpg\" data-sub-html=\".image-description\" class=\"gallery-image relative rounded-[30px] aspect-square cursor-pointer\">\n            <img decoding=\"async\" loading=\"lazy\" src=\"https:\/\/berliner-seilfabrik.com\/wp-content\/uploads\/2025\/03\/BLN_5551-768x512.jpg\" class=\"object-cover object-center w-full h-full image\">          <\/div>\n                  <\/div>\n         \n        <div class=\"gallery-image-wrapper\">\n          <div data-src=\"https:\/\/berliner-seilfabrik.com\/wp-content\/uploads\/2025\/03\/BLN_5324-scaled.jpg\" data-sub-html=\".image-description\" class=\"gallery-image relative rounded-[30px] aspect-square cursor-pointer\">\n            <img decoding=\"async\" loading=\"lazy\" src=\"https:\/\/berliner-seilfabrik.com\/wp-content\/uploads\/2025\/03\/BLN_5324-768x1152.jpg\" class=\"object-cover object-center w-full h-full image\">          <\/div>\n                  <\/div>\n              <\/div>\n      <\/div>\n<\/section>\n\n<section class=\"text-module bg-bg-default text-text-default dark:!bg-dark dark:!text-white\">\n  <div class=\"anchor\" id=\"acf-block-67b33c7c4a36c\" ><\/div>\n  <div class=\"max-w-screen-2xl spacing-px spacing-py mx-auto\">\n          <div class=\"lg:mb-lg mb-md\">\n        <div class=\"content-top max-w-3xl align-left \">\n          <h2 class='headline-element align-left typo-h2 font-bold'>Langlebigkeit durch Qualit\u00e4t<\/h2>        <\/div>\n      <\/div>\n          <div class=\"typo-body two-columns flex max-md:flex-wrap md:gap-lg gap-md\">\n        <div class=\"text-element w-full md:w-1\/2 align-left\">\n          <p>Selbstverst\u00e4ndlich sind Spielger\u00e4te der Berliner&nbsp;Seilfabrik nach DIN EN 1176, der ASTM F1487 oder CSA Z614 gepr\u00fcft und zertifiziert und tragen das T\u00dcV Pr\u00fcfzeichen. Die konsequente Einbeziehung der g\u00fcltigen Normen und Sicherheitsvorschriften garantieren unseren Spielger\u00e4ten ein H\u00f6chstma\u00df an Sicherheit.<\/p>\n        <\/div>\n        <div class=\"text-element w-full md:w-1\/2 align-left\">\n          <p>Auch das robusteste Spielger\u00e4t unterliegt nach Jahren intensiver Bespielung der Abnutzung. F\u00fcr ein Spielger\u00e4t der Berliner&nbsp;Seilfabrik bedeutet dies jedoch noch lange nicht das Ende. Auch f\u00fcr das \u00e4lteste Spielger\u00e4t aus dem Jahre 1971 k\u00f6nnen wir ein Ersatznetz herstellen. Durch unsere lebenslange Ersatzteilgarantie ist gew\u00e4hrleistet, dass auch nach 50 Jahren ein Ger\u00e4t f\u00fcr die Kinder attraktiv bleibt.<\/p>\n        <\/div>\n      <\/div>\n      <\/div>\n<\/section>\n\n<section class=\"contact-module max-w-screen-3xl mx-auto spacing-px\">\n  <div class=\"anchor\" id=\"acf-block-67d2e79b7b20b\" ><\/div>\n  <div class=\"contact-box spacing-px mx-auto spacing-px bg-bg-turquise_light text-text-default dark:!bg-dark dark:!text-white spacing-py overflow-hidden relative\" data-anim-time=\"15\">\n        <div class=\"z-10 flex max-xs:flex-col gap-sm sm:gap-offsetMd justify-center relative\">\n              <div class=\"person-image\">\n          <div class=\"person-image-wrapper shrink-0 aspect-square rounded-full overflow-hidden w-32 md:w-5xl h-auto\">\n            <img loading=\"lazy\" decoding=\"async\" width=\"300\" height=\"200\" src=\"https:\/\/berliner-seilfabrik.com\/wp-content\/uploads\/2025\/03\/2_LaGrange_updated-300x200.jpg\" class=\"z-0 w-full h-full object-cover object-center\" alt=\"\" srcset=\"https:\/\/berliner-seilfabrik.com\/wp-content\/uploads\/2025\/03\/2_LaGrange_updated-300x200.jpg 300w, https:\/\/berliner-seilfabrik.com\/wp-content\/uploads\/2025\/03\/2_LaGrange_updated-1024x683.jpg 1024w, https:\/\/berliner-seilfabrik.com\/wp-content\/uploads\/2025\/03\/2_LaGrange_updated-768x512.jpg 768w, https:\/\/berliner-seilfabrik.com\/wp-content\/uploads\/2025\/03\/2_LaGrange_updated-1536x1024.jpg 1536w, https:\/\/berliner-seilfabrik.com\/wp-content\/uploads\/2025\/03\/2_LaGrange_updated-2048x1365.jpg 2048w, https:\/\/berliner-seilfabrik.com\/wp-content\/uploads\/2025\/03\/2_LaGrange_updated-1900x1267.jpg 1900w, https:\/\/berliner-seilfabrik.com\/wp-content\/uploads\/2025\/03\/2_LaGrange_updated-1240x827.jpg 1240w\" sizes=\"auto, (max-width: 300px) 100vw, 300px\" \/>          <\/div>\n        <\/div>\n            <div class=\"content max-w-[600px] \">\n        <h3 class='headline-element align-left typo-h2 font-bold'>Nachhaltigkeit<\/h3>        <a target=\"\" href=\"https:\/\/berliner-seilfabrik.com\/nachhaltigkeit\/\" class=\"link-primary mt-sm  with-icon\">\n            Mehr erfahren                            <svg width=\"16\" height=\"16\" viewBox=\"0 0 16 16\" fill=\"none\" xmlns=\"http:\/\/www.w3.org\/2000\/svg\">\n                    <path d=\"M12.175 9H0V7H12.175L6.575 1.4L8 0L16 8L8 16L6.575 14.6L12.175 9Z\" fill=\"currentColor\"\/>\n                <\/svg>\n                    <\/a>\n              <\/div>\n    <\/div>\n  <\/div>\n<\/section>","protected":false},"excerpt":{"rendered":"","protected":false},"author":3,"featured_media":0,"parent":0,"menu_order":0,"comment_status":"closed","ping_status":"closed","template":"","meta":{"_acf_changed":false,"footnotes":""},"class_list":["post-258","page","type-page","status-publish","hentry"],"acf":[],"yoast_head":"<!-- This site is optimized with the Yoast SEO plugin v26.8 - https:\/\/yoast.com\/product\/yoast-seo-wordpress\/ -->\n<title>Berliner Seilfabrik - Sicherheit und Wartung<\/title>\n<meta name=\"robots\" content=\"noindex, follow\" \/>\n<meta property=\"og:locale\" content=\"de_DE\" \/>\n<meta property=\"og:type\" content=\"article\" \/>\n<meta property=\"og:title\" content=\"Berliner Seilfabrik - Sicherheit und Wartung\" \/>\n<meta property=\"og:url\" content=\"https:\/\/berliner-seilfabrik.com\/de\/sicherheit-und-wartung\/\" \/>\n<meta property=\"og:site_name\" content=\"Berliner Seilfabrik\" \/>\n<meta property=\"article:publisher\" content=\"https:\/\/www.facebook.com\/berlinerseilfabrik\/\" \/>\n<meta property=\"article:modified_time\" content=\"2025-03-20T13:41:56+00:00\" \/>\n<meta name=\"twitter:card\" content=\"summary_large_image\" \/>\n<script type=\"application\/ld+json\" class=\"yoast-schema-graph\">{\"@context\":\"https:\/\/schema.org\",\"@graph\":[{\"@type\":\"WebPage\",\"@id\":\"https:\/\/berliner-seilfabrik.com\/de\/sicherheit-und-wartung\/\",\"url\":\"https:\/\/berliner-seilfabrik.com\/de\/sicherheit-und-wartung\/\",\"name\":\"Berliner Seilfabrik - Sicherheit und Wartung\",\"isPartOf\":{\"@id\":\"https:\/\/berliner-seilfabrik.com\/de\/#website\"},\"datePublished\":\"2025-01-10T09:03:34+00:00\",\"dateModified\":\"2025-03-20T13:41:56+00:00\",\"breadcrumb\":{\"@id\":\"https:\/\/berliner-seilfabrik.com\/de\/sicherheit-und-wartung\/#breadcrumb\"},\"inLanguage\":\"de\",\"potentialAction\":[{\"@type\":\"ReadAction\",\"target\":[\"https:\/\/berliner-seilfabrik.com\/de\/sicherheit-und-wartung\/\"]}]},{\"@type\":\"BreadcrumbList\",\"@id\":\"https:\/\/berliner-seilfabrik.com\/de\/sicherheit-und-wartung\/#breadcrumb\",\"itemListElement\":[{\"@type\":\"ListItem\",\"position\":1,\"name\":\"Home\",\"item\":\"https:\/\/berliner-seilfabrik.com\/de\/\"},{\"@type\":\"ListItem\",\"position\":2,\"name\":\"Sicherheit und Wartung\"}]},{\"@type\":\"WebSite\",\"@id\":\"https:\/\/berliner-seilfabrik.com\/de\/#website\",\"url\":\"https:\/\/berliner-seilfabrik.com\/de\/\",\"name\":\"Die Berliner Seilfabrik\",\"description\":\"Spielger\u00e4te f\u00fcrs Leben\",\"publisher\":{\"@id\":\"https:\/\/berliner-seilfabrik.com\/de\/#organization\"},\"potentialAction\":[{\"@type\":\"SearchAction\",\"target\":{\"@type\":\"EntryPoint\",\"urlTemplate\":\"https:\/\/berliner-seilfabrik.com\/de\/?s={search_term_string}\"},\"query-input\":{\"@type\":\"PropertyValueSpecification\",\"valueRequired\":true,\"valueName\":\"search_term_string\"}}],\"inLanguage\":\"de\"},{\"@type\":\"Organization\",\"@id\":\"https:\/\/berliner-seilfabrik.com\/de\/#organization\",\"name\":\"Die Berliner Seilfabrik\",\"url\":\"https:\/\/berliner-seilfabrik.com\/de\/\",\"logo\":{\"@type\":\"ImageObject\",\"inLanguage\":\"de\",\"@id\":\"https:\/\/berliner-seilfabrik.com\/de\/#\/schema\/logo\/image\/\",\"url\":\"https:\/\/berliner-seilfabrik.com\/wp-content\/uploads\/2026\/01\/bsf_logo_de-scaled.png\",\"contentUrl\":\"https:\/\/berliner-seilfabrik.com\/wp-content\/uploads\/2026\/01\/bsf_logo_de-scaled.png\",\"width\":2560,\"height\":2560,\"caption\":\"Die Berliner Seilfabrik\"},\"image\":{\"@id\":\"https:\/\/berliner-seilfabrik.com\/de\/#\/schema\/logo\/image\/\"},\"sameAs\":[\"https:\/\/www.facebook.com\/berlinerseilfabrik\/\"]}]}<\/script>\n<!-- \/ Yoast SEO plugin. -->","yoast_head_json":{"title":"Berliner Seilfabrik - Sicherheit und Wartung","robots":{"index":"noindex","follow":"follow"},"og_locale":"de_DE","og_type":"article","og_title":"Berliner Seilfabrik - Sicherheit und Wartung","og_url":"https:\/\/berliner-seilfabrik.com\/de\/sicherheit-und-wartung\/","og_site_name":"Berliner Seilfabrik","article_publisher":"https:\/\/www.facebook.com\/berlinerseilfabrik\/","article_modified_time":"2025-03-20T13:41:56+00:00","twitter_card":"summary_large_image","schema":{"@context":"https:\/\/schema.org","@graph":[{"@type":"WebPage","@id":"https:\/\/berliner-seilfabrik.com\/de\/sicherheit-und-wartung\/","url":"https:\/\/berliner-seilfabrik.com\/de\/sicherheit-und-wartung\/","name":"Berliner Seilfabrik - Sicherheit und Wartung","isPartOf":{"@id":"https:\/\/berliner-seilfabrik.com\/de\/#website"},"datePublished":"2025-01-10T09:03:34+00:00","dateModified":"2025-03-20T13:41:56+00:00","breadcrumb":{"@id":"https:\/\/berliner-seilfabrik.com\/de\/sicherheit-und-wartung\/#breadcrumb"},"inLanguage":"de","potentialAction":[{"@type":"ReadAction","target":["https:\/\/berliner-seilfabrik.com\/de\/sicherheit-und-wartung\/"]}]},{"@type":"BreadcrumbList","@id":"https:\/\/berliner-seilfabrik.com\/de\/sicherheit-und-wartung\/#breadcrumb","itemListElement":[{"@type":"ListItem","position":1,"name":"Home","item":"https:\/\/berliner-seilfabrik.com\/de\/"},{"@type":"ListItem","position":2,"name":"Sicherheit und Wartung"}]},{"@type":"WebSite","@id":"https:\/\/berliner-seilfabrik.com\/de\/#website","url":"https:\/\/berliner-seilfabrik.com\/de\/","name":"Die Berliner Seilfabrik","description":"Spielger\u00e4te f\u00fcrs Leben","publisher":{"@id":"https:\/\/berliner-seilfabrik.com\/de\/#organization"},"potentialAction":[{"@type":"SearchAction","target":{"@type":"EntryPoint","urlTemplate":"https:\/\/berliner-seilfabrik.com\/de\/?s={search_term_string}"},"query-input":{"@type":"PropertyValueSpecification","valueRequired":true,"valueName":"search_term_string"}}],"inLanguage":"de"},{"@type":"Organization","@id":"https:\/\/berliner-seilfabrik.com\/de\/#organization","name":"Die Berliner Seilfabrik","url":"https:\/\/berliner-seilfabrik.com\/de\/","logo":{"@type":"ImageObject","inLanguage":"de","@id":"https:\/\/berliner-seilfabrik.com\/de\/#\/schema\/logo\/image\/","url":"https:\/\/berliner-seilfabrik.com\/wp-content\/uploads\/2026\/01\/bsf_logo_de-scaled.png","contentUrl":"https:\/\/berliner-seilfabrik.com\/wp-content\/uploads\/2026\/01\/bsf_logo_de-scaled.png","width":2560,"height":2560,"caption":"Die Berliner Seilfabrik"},"image":{"@id":"https:\/\/berliner-seilfabrik.com\/de\/#\/schema\/logo\/image\/"},"sameAs":["https:\/\/www.facebook.com\/berlinerseilfabrik\/"]}]}},"_links":{"self":[{"href":"https:\/\/berliner-seilfabrik.com\/de\/wp-json\/wp\/v2\/pages\/258","targetHints":{"allow":["GET"]}}],"collection":[{"href":"https:\/\/berliner-seilfabrik.com\/de\/wp-json\/wp\/v2\/pages"}],"about":[{"href":"https:\/\/berliner-seilfabrik.com\/de\/wp-json\/wp\/v2\/types\/page"}],"author":[{"embeddable":true,"href":"https:\/\/berliner-seilfabrik.com\/de\/wp-json\/wp\/v2\/users\/3"}],"replies":[{"embeddable":true,"href":"https:\/\/berliner-seilfabrik.com\/de\/wp-json\/wp\/v2\/comments?post=258"}],"version-history":[{"count":134,"href":"https:\/\/berliner-seilfabrik.com\/de\/wp-json\/wp\/v2\/pages\/258\/revisions"}],"predecessor-version":[{"id":42722,"href":"https:\/\/berliner-seilfabrik.com\/de\/wp-json\/wp\/v2\/pages\/258\/revisions\/42722"}],"wp:attachment":[{"href":"https:\/\/berliner-seilfabrik.com\/de\/wp-json\/wp\/v2\/media?parent=258"}],"curies":[{"name":"wp","href":"https:\/\/api.w.org\/{rel}","templated":true}]}}