{"id":256,"date":"2025-01-10T09:03:20","date_gmt":"2025-01-10T09:03:20","guid":{"rendered":"https:\/\/berliner-seilfabrik.com\/?page_id=256"},"modified":"2026-01-07T13:06:43","modified_gmt":"2026-01-07T12:06:43","slug":"berliner-materialien","status":"publish","type":"page","link":"https:\/\/berliner-seilfabrik.com\/de\/berliner-materialien\/","title":{"rendered":"Berliner Materialien"},"content":{"rendered":"<section class=\"header-subpage spacing-py relative overflow-hidden dark:!text-light dark:!bg-dark max-w-screen-3xl spacing-px mx-auto\">\n    <div class=\"anchor\" id=\"acf-block-67af5dcaa3a2b\" ><\/div>\n    <div class=\"flex flex-col-reverse lg:flex-row relative\">\n                    <div class=\"w-full lg:w-[66%] lg:mr-auto max-lg:order-1\"> \n                <img loading=\"lazy\" decoding=\"async\" width=\"1024\" height=\"620\" src=\"https:\/\/berliner-seilfabrik.com\/wp-content\/uploads\/2025\/02\/S-blau2-1-1024x620.jpg\" class=\"object-cover z-0 h-full w-full object-center rounded-[30px] overflow-hidden max-w-[930px] max-h-[617px] aspect-4\/3\" alt=\"\" srcset=\"https:\/\/berliner-seilfabrik.com\/wp-content\/uploads\/2025\/02\/S-blau2-1-1024x620.jpg 1024w, https:\/\/berliner-seilfabrik.com\/wp-content\/uploads\/2025\/02\/S-blau2-1-300x182.jpg 300w, https:\/\/berliner-seilfabrik.com\/wp-content\/uploads\/2025\/02\/S-blau2-1-768x465.jpg 768w, https:\/\/berliner-seilfabrik.com\/wp-content\/uploads\/2025\/02\/S-blau2-1-1536x930.jpg 1536w, https:\/\/berliner-seilfabrik.com\/wp-content\/uploads\/2025\/02\/S-blau2-1-2048x1239.jpg 2048w, https:\/\/berliner-seilfabrik.com\/wp-content\/uploads\/2025\/02\/S-blau2-1-1900x1150.jpg 1900w, https:\/\/berliner-seilfabrik.com\/wp-content\/uploads\/2025\/02\/S-blau2-1-1240x750.jpg 1240w\" sizes=\"auto, (max-width: 1024px) 100vw, 1024px\" \/>            <\/div> \n                <div class=\"bg-bg-turquoise text-text-white !w-auto lg:!w-[41%] rounded-[30px] lg:absolute lg:top-1\/2 lg:-translate-y-1\/2 lg:right-0 p-[30px] sm:p-[40px] fhd:p-[50px] -mt-[30px] xs:-mt-[40px] sm:-mt-[80px] lg:mt-0 mx-[10px] xxs:mx-5 sm:mx-lg lg:mx-0 \">\n                            <h1 class=\"w-full font-semibold typo-h2 fhd:text-[42px]\">Berliner Materialien<\/h1>\n                            <p class=\"w-full pt-[10px] xxs:pt-xs text-base\">&#8222;Da wir alles an einem Standort produzieren, sind wir in der Planung und Farbgestal\u00adtung sehr flexibel.&#8220;<\/p>\n                    <\/div>\n    <\/div>\n<\/section>\n\n<section class=\"text-module bg-bg-default text-text-default dark:!bg-dark dark:!text-white\">\n  <div class=\"anchor\" id=\"acf-block-67b4617c649f8\" ><\/div>\n  <div class=\"max-w-screen-2xl spacing-px spacing-py mx-auto\">\n          <div class=\"typo-body two-columns flex max-md:flex-wrap md:gap-lg gap-md\">\n        <div class=\"text-element w-full md:w-1\/2 align-left\">\n          <p>Mit einem Team von rund 150 Mitarbeitenden stellen wir kom\u00adplette Spielpl\u00e4tze her. Hochwertige Materialien und erstklassige Verarbeitung machen unsere Spielger\u00e4te stabil und langlebig. Das sch\u00fctzt die Kinder und schont die Umwelt, spart Ressour\u00adcen und Folgekosten. Der von uns genutzte Stahl besteht zu 70 Prozent, das Aluminium sogar zu 85 Prozent, aus recyceltem Material. Unsere gesamte Produktion findet ohne PVC statt. Wir f\u00fchren \u00fcbersch\u00fcssiges Material dem Recycling -Kreislauf zu.<\/p>\n        <\/div>\n        <div class=\"text-element w-full md:w-1\/2 align-left\">\n          <p>Unsere Pulverbeschichtungsanlage kommt ohne L\u00f6sungsmittel aus und all unsere Produkte erf\u00fcllen oder \u00fcbertreffen die Vor\u00adschriften f\u00fcr Blei in Farben und Materialien sowie die Richtlinien f\u00fcr Weichmacher. Alles wird am Standort in Berlin produziert:<br \/>\ndie Seilfertigung mit eigens daf\u00fcr entwickelten Maschinen \u00fcber die Konfektionierung und Verarbeitung der Seile zu Raum\u00ad und Fl\u00e4chennetzen f\u00fcr unterschiedliche Kletterger\u00e4te sowie der Stahlbau und die Gestaltung und Fertigung ganzer Spielh\u00e4user und der damit verbundenen Verarbeitung von Bambus, Holz und HDPE.<\/p>\n        <\/div>\n      <\/div>\n      <\/div>\n<\/section>\n\n<section class=\"text-image-module bg-bg-default text-text-default\">\n    <div class=\"anchor\" id=\"acf-block-67b4651e27eb7\" ><\/div>\n    <div class=\"dark:!text-white dark:!bg-dark\">\n        <div class=\"max-w-screen-3xl spacing-px spacing-py mx-auto\">\n            <div class=\"content-top max-w-3xl align-left \">\n                            <\/div>\n            <div class=\"grid grid-cols-1 lg:gap-sm gap-xl \">\n                <div class=\"text-image-single flex max-lg:flex-col gap-4 h-max\">\n      <div class=\"image-box lg:w-2\/5 \">\n        <div class=\"image-box-img cursor-pointer lightbox-image rounded-[30px] overflow-hidden aspect-square \" data-src=\"https:\/\/berliner-seilfabrik.com\/wp-content\/uploads\/2025\/02\/Bobbejaanlan-04-960x720-1.jpg\">\n          <img loading=\"lazy\" decoding=\"async\" width=\"960\" height=\"720\" src=\"https:\/\/berliner-seilfabrik.com\/wp-content\/uploads\/2025\/02\/Bobbejaanlan-04-960x720-1.jpg\" class=\"h-full w-full object-cover z-0 transform scale-105 transition duration-300\" alt=\"\" srcset=\"https:\/\/berliner-seilfabrik.com\/wp-content\/uploads\/2025\/02\/Bobbejaanlan-04-960x720-1.jpg 960w, https:\/\/berliner-seilfabrik.com\/wp-content\/uploads\/2025\/02\/Bobbejaanlan-04-960x720-1-300x225.jpg 300w, https:\/\/berliner-seilfabrik.com\/wp-content\/uploads\/2025\/02\/Bobbejaanlan-04-960x720-1-768x576.jpg 768w\" sizes=\"auto, (max-width: 960px) 100vw, 960px\" \/>        <\/div>\n      <\/div>\n      <div class=\"content-box lg:w-3\/5 h-auto flex flex-col justify-center rounded-[30px] bg-bg-transparent \">\n        <div class=\"content-box-inner  image-side-left \">\n                    <h4 class='headline-element align-left typo-h2 font-semibold !pb-0 text-text-default'>Bambus<\/h4><div class='text-element align-left typo-body mt-xs lg:mt-[30px] text-text-default'><p>F\u00fcr die Paneele der Spiel\u00adh\u00e4user unserer Green\u00adville-\u00adReihe verwenden wir Bambuspaneele. Da Bambus kein Holz, sondern ein Gras ist, w\u00e4chst es nach dem Ernten schnell wieder nach. Die CO<sub>2-<\/sub>\u00adBilanz von Bambus ist deshalb bemer\u00adkenswert, da es bis zu einem Meter am Tag wachsen kann. Zudem ist Bambus sehr stabil und strapazierf\u00e4\u00adhig, was es f\u00fcr die Weiterverarbeitung ideal macht.<\/p>\n<\/div>        <\/div>\n      <\/div>\n    <\/div>\n    <div class=\"text-image-single flex max-lg:flex-col gap-4 h-max\">\n      <div class=\"image-box lg:w-2\/5 lg:order-1\">\n        <div class=\"image-box-img cursor-pointer lightbox-image rounded-[30px] overflow-hidden aspect-square \" data-src=\"https:\/\/berliner-seilfabrik.com\/wp-content\/uploads\/2025\/02\/BLN_3510-1024x683.jpg\">\n          <img loading=\"lazy\" decoding=\"async\" width=\"1024\" height=\"683\" src=\"https:\/\/berliner-seilfabrik.com\/wp-content\/uploads\/2025\/02\/BLN_3510-1024x683.jpg\" class=\"h-full w-full object-cover z-0 transform scale-105 transition duration-300\" alt=\"\" srcset=\"https:\/\/berliner-seilfabrik.com\/wp-content\/uploads\/2025\/02\/BLN_3510-1024x683.jpg 1024w, https:\/\/berliner-seilfabrik.com\/wp-content\/uploads\/2025\/02\/BLN_3510-300x200.jpg 300w, https:\/\/berliner-seilfabrik.com\/wp-content\/uploads\/2025\/02\/BLN_3510-768x512.jpg 768w, https:\/\/berliner-seilfabrik.com\/wp-content\/uploads\/2025\/02\/BLN_3510-1536x1024.jpg 1536w, https:\/\/berliner-seilfabrik.com\/wp-content\/uploads\/2025\/02\/BLN_3510-2048x1365.jpg 2048w, https:\/\/berliner-seilfabrik.com\/wp-content\/uploads\/2025\/02\/BLN_3510-1900x1267.jpg 1900w, https:\/\/berliner-seilfabrik.com\/wp-content\/uploads\/2025\/02\/BLN_3510-1240x827.jpg 1240w\" sizes=\"auto, (max-width: 1024px) 100vw, 1024px\" \/>        <\/div>\n      <\/div>\n      <div class=\"content-box lg:w-3\/5 h-auto flex flex-col justify-center rounded-[30px] bg-bg-transparent \">\n        <div class=\"content-box-inner  image-side-right \">\n                    <h4 class='headline-element align-left typo-h2 font-semibold !pb-0 text-text-default'>Pulverbeschichtung<\/h4><div class='text-element align-left typo-body mt-xs lg:mt-[30px] text-text-default'><p>In unserer hauseigenen Pulverbe\u00adschichtungsanlage beschichten wir unterschiedlichste Verbin\u00addungselemente aus Aluminium und Rohre, \u00fcberwiegend aus Schwarzstahl, bis zu einer L\u00e4nge von 8 Metern und einem Gewicht von 200 Kilogramm. Dazu geh\u00f6ren auch unsere AstemTT\u00ae Systemku\u00adgeln oder Terranos\u00ad-Schellen, die nach dem Sandstrahlprozess ihre gew\u00fcnschte Farbe erhalten. Deshalb sind wir auch bei der Verarbeitung von Stahl und Aluminium flexibel und k\u00f6nnen individuell auf die Farbw\u00fcnsche unserer Kund:innen eingehen.<\/p>\n<\/div>        <\/div>\n      <\/div>\n    <\/div>\n    <div class=\"text-image-single flex max-lg:flex-col gap-4 h-max\">\n      <div class=\"image-box lg:w-2\/5 \">\n        <div class=\"image-box-img cursor-pointer lightbox-image rounded-[30px] overflow-hidden aspect-square \" data-src=\"https:\/\/berliner-seilfabrik.com\/wp-content\/uploads\/2025\/04\/HDPE-1024x683.jpg\">\n          <img loading=\"lazy\" decoding=\"async\" width=\"1024\" height=\"683\" src=\"https:\/\/berliner-seilfabrik.com\/wp-content\/uploads\/2025\/04\/HDPE-1024x683.jpg\" class=\"h-full w-full object-cover z-0 transform scale-105 transition duration-300\" alt=\"\" srcset=\"https:\/\/berliner-seilfabrik.com\/wp-content\/uploads\/2025\/04\/HDPE-1024x683.jpg 1024w, https:\/\/berliner-seilfabrik.com\/wp-content\/uploads\/2025\/04\/HDPE-300x200.jpg 300w, https:\/\/berliner-seilfabrik.com\/wp-content\/uploads\/2025\/04\/HDPE-768x512.jpg 768w, https:\/\/berliner-seilfabrik.com\/wp-content\/uploads\/2025\/04\/HDPE-1536x1024.jpg 1536w, https:\/\/berliner-seilfabrik.com\/wp-content\/uploads\/2025\/04\/HDPE-2048x1365.jpg 2048w, https:\/\/berliner-seilfabrik.com\/wp-content\/uploads\/2025\/04\/HDPE-1900x1267.jpg 1900w, https:\/\/berliner-seilfabrik.com\/wp-content\/uploads\/2025\/04\/HDPE-1240x827.jpg 1240w\" sizes=\"auto, (max-width: 1024px) 100vw, 1024px\" \/>        <\/div>\n      <\/div>\n      <div class=\"content-box lg:w-3\/5 h-auto flex flex-col justify-center rounded-[30px] bg-bg-transparent \">\n        <div class=\"content-box-inner  image-side-left \">\n                    <h4 class='headline-element align-left typo-h2 font-semibold !pb-0 text-text-default'>HDPE<\/h4><div class='text-element align-left typo-body mt-xs lg:mt-[30px] text-text-default'><p>F\u00fcr die Verarbeitung von HDPE k\u00f6n\u00adnen wir die Platten inhouse frei nach Kundenw\u00fcnschen auf jede Form zurechtfr\u00e4sen und somit z. B. themenspezifische Terranos\u00ad- oder Triitopia\u00ad-Anlagen bauen. Zudem dienen uns die HDPE-\u00adPlatten f\u00fcr unsere Greenville\u00ad-, Spooky Rookie-\u00ad und LevelUp\u00ad-Reihe als Basis und erm\u00f6glichen es uns, die Bambus\u00ad und Holzpaneele sowie Lochbleche als Verklei\u00addung f\u00fcr die H\u00e4uschen und Plattformstrukturen zu verwenden. Auch an zahlreichen anderen Stellen unserer Spielger\u00e4te begegnen einem die HDPE\u00ad-Plat\u00adten, wie an Fenstern und T\u00fcren unserer H\u00e4uschen.<\/p>\n<\/div>        <\/div>\n      <\/div>\n    <\/div>\n    <div class=\"text-image-single flex max-lg:flex-col gap-4 h-max\">\n      <div class=\"image-box lg:w-2\/5 lg:order-1\">\n        <div class=\"image-box-img cursor-pointer lightbox-image rounded-[30px] overflow-hidden aspect-square \" data-src=\"https:\/\/berliner-seilfabrik.com\/wp-content\/uploads\/2025\/02\/PG_Ufos-720x540-1.jpg\">\n          <img loading=\"lazy\" decoding=\"async\" width=\"720\" height=\"540\" src=\"https:\/\/berliner-seilfabrik.com\/wp-content\/uploads\/2025\/02\/PG_Ufos-720x540-1.jpg\" class=\"h-full w-full object-cover z-0 transform scale-105 transition duration-300\" alt=\"\" srcset=\"https:\/\/berliner-seilfabrik.com\/wp-content\/uploads\/2025\/02\/PG_Ufos-720x540-1.jpg 720w, https:\/\/berliner-seilfabrik.com\/wp-content\/uploads\/2025\/02\/PG_Ufos-720x540-1-300x225.jpg 300w\" sizes=\"auto, (max-width: 720px) 100vw, 720px\" \/>        <\/div>\n      <\/div>\n      <div class=\"content-box lg:w-3\/5 h-auto flex flex-col justify-center rounded-[30px] bg-bg-transparent \">\n        <div class=\"content-box-inner  image-side-right \">\n                    <h4 class='headline-element align-left typo-h2 font-semibold !pb-0 text-text-default'>Stahl<\/h4><div class='text-element align-left typo-body mt-xs lg:mt-[30px] text-text-default'><p>F\u00fcr unsere Spielger\u00e4te verwenden wir Rohre aus Edelstahl oder Schwarzstahl. Um bei der Verar\u00adbeitung eine Verunreinigung des Edelstahls zu vermeiden, sind bei uns der Edelstahl\u00ad und Schwarz\u00adstahlbereich r\u00e4umlich getrennt. In unseren Biegemaschinen k\u00f6nnen wir Stahlrohre mit einem Durch\u00admesser von bis zu 133 mm biegen.<br \/>\nDie Edelstahlrohre werden meist natur\u00adbelassen. Die Rohre aus Schwarzstahl werden hingegen verzinkt und sandgestrahlt und k\u00f6nnen anschlie\u00dfend unsere Pulverbeschichtungsanlage durchlaufen.<\/p>\n<\/div>        <\/div>\n      <\/div>\n    <\/div>\n    <div class=\"text-image-single flex max-lg:flex-col gap-4 h-max\">\n      <div class=\"image-box lg:w-2\/5 \">\n        <div class=\"image-box-img cursor-pointer lightbox-image rounded-[30px] overflow-hidden aspect-square \" data-src=\"https:\/\/berliner-seilfabrik.com\/wp-content\/uploads\/2025\/02\/Seilfabrik_2012__dsc6401-720x540-1.jpg\">\n          <img loading=\"lazy\" decoding=\"async\" width=\"720\" height=\"540\" src=\"https:\/\/berliner-seilfabrik.com\/wp-content\/uploads\/2025\/02\/Seilfabrik_2012__dsc6401-720x540-1.jpg\" class=\"h-full w-full object-cover z-0 transform scale-105 transition duration-300\" alt=\"\" srcset=\"https:\/\/berliner-seilfabrik.com\/wp-content\/uploads\/2025\/02\/Seilfabrik_2012__dsc6401-720x540-1.jpg 720w, https:\/\/berliner-seilfabrik.com\/wp-content\/uploads\/2025\/02\/Seilfabrik_2012__dsc6401-720x540-1-300x225.jpg 300w\" sizes=\"auto, (max-width: 720px) 100vw, 720px\" \/>        <\/div>\n      <\/div>\n      <div class=\"content-box lg:w-3\/5 h-auto flex flex-col justify-center rounded-[30px] bg-bg-transparent \">\n        <div class=\"content-box-inner  image-side-left \">\n                    <h4 class='headline-element align-left typo-h2 font-semibold !pb-0 text-text-default'>Aluminium<\/h4><div class='text-element align-left typo-body mt-xs lg:mt-[30px] text-text-default'><p>Unsere Verbindungselemente sind aus Aluminium gefertigt und k\u00f6nnen von uns individuelle Boh\u00adrungen erhalten. Die AstemTT\u00ae Systemkugel ist ein wichtiger Bestandteil unserer Raumnetze, da sie ein Bindeglied zwischen Rohren und Seil darstellt. Die Terranos\u00ad-Schellen kommen \u00fcber\u00ad wiegend bei unseren Niedrigseilg\u00e4rten zum Einsatz und erm\u00f6glichen die Anbrin\u00adgung von Seilen an Pfosten. Da wir f\u00fcr unsere Verbindungselemente die L\u00f6cher f\u00fcr die Anschl\u00fcsse selbst bohren k\u00f6nnen, sind wir in der Planung und Umsetzung der Spielger\u00e4te flexibel.<\/p>\n<\/div>        <\/div>\n      <\/div>\n    <\/div>\n    <div class=\"text-image-single flex max-lg:flex-col gap-4 h-max\">\n      <div class=\"image-box lg:w-2\/5 lg:order-1\">\n        <div class=\"image-box-img cursor-pointer lightbox-image rounded-[30px] overflow-hidden aspect-square \" data-src=\"https:\/\/berliner-seilfabrik.com\/wp-content\/uploads\/2025\/03\/20180221_Produktionsablauf-Seilerei__mg_3462-1024x683.jpg\">\n          <img loading=\"lazy\" decoding=\"async\" width=\"1024\" height=\"683\" src=\"https:\/\/berliner-seilfabrik.com\/wp-content\/uploads\/2025\/03\/20180221_Produktionsablauf-Seilerei__mg_3462-1024x683.jpg\" class=\"h-full w-full object-cover z-0 transform scale-105 transition duration-300\" alt=\"\" srcset=\"https:\/\/berliner-seilfabrik.com\/wp-content\/uploads\/2025\/03\/20180221_Produktionsablauf-Seilerei__mg_3462-1024x683.jpg 1024w, https:\/\/berliner-seilfabrik.com\/wp-content\/uploads\/2025\/03\/20180221_Produktionsablauf-Seilerei__mg_3462-300x200.jpg 300w, https:\/\/berliner-seilfabrik.com\/wp-content\/uploads\/2025\/03\/20180221_Produktionsablauf-Seilerei__mg_3462-768x512.jpg 768w, https:\/\/berliner-seilfabrik.com\/wp-content\/uploads\/2025\/03\/20180221_Produktionsablauf-Seilerei__mg_3462-1536x1024.jpg 1536w, https:\/\/berliner-seilfabrik.com\/wp-content\/uploads\/2025\/03\/20180221_Produktionsablauf-Seilerei__mg_3462-2048x1365.jpg 2048w, https:\/\/berliner-seilfabrik.com\/wp-content\/uploads\/2025\/03\/20180221_Produktionsablauf-Seilerei__mg_3462-1900x1267.jpg 1900w, https:\/\/berliner-seilfabrik.com\/wp-content\/uploads\/2025\/03\/20180221_Produktionsablauf-Seilerei__mg_3462-1240x827.jpg 1240w\" sizes=\"auto, (max-width: 1024px) 100vw, 1024px\" \/>        <\/div>\n      <\/div>\n      <div class=\"content-box lg:w-3\/5 h-auto flex flex-col justify-center rounded-[30px] bg-bg-transparent \">\n        <div class=\"content-box-inner  image-side-right \">\n                    <h4 class='headline-element align-left typo-h2 font-semibold !pb-0 text-text-default'>Seil<\/h4><div class='text-element align-left typo-body mt-xs lg:mt-[30px] text-text-default'><p>Unser Seil kommt aus der hauseigenen Seilfertigung mit eigens daf\u00fcr entwickelten Maschinen. Somit ist sichergestellt, dass die Qualit\u00e4t und technische Spezifikation der Seile unserem hohen Anspruch immer gerecht werden. Deshalb k\u00f6nnen wir unseren Kund:innen ein umfangreiches Angebot an Durchmessern, metallischen Querschnitten und Farbvariationen anbieten und haben f\u00fcr verschiedenste Einsatzbereiche immer das passende Seil. In der Seilkonfektionierung werden die einzelnen Seile von unseren Mitarbeitenden in Handarbeit zu Raum- und Fl\u00e4chennetzen verkn\u00fcpft.<\/p>\n<\/div>        <\/div>\n      <\/div>\n    <\/div>\n            <\/div>\n        <\/div>\n    <\/div>\n<\/section>\n\n<section class=\"contact-module max-w-screen-3xl mx-auto spacing-px\">\n  <div class=\"anchor\" id=\"acf-block-67b4676e051ac\" ><\/div>\n  <div class=\"contact-box spacing-px mx-auto spacing-px bg-bg-turquise_light text-text-default dark:!bg-dark dark:!text-white spacing-py overflow-hidden relative\" data-anim-time=\"15\">\n        <div class=\"z-10 flex max-xs:flex-col gap-sm sm:gap-offsetMd justify-center relative\">\n              <div class=\"person-image\">\n          <div class=\"person-image-wrapper shrink-0 aspect-square rounded-full overflow-hidden w-32 md:w-5xl h-auto\">\n            <img loading=\"lazy\" decoding=\"async\" width=\"300\" height=\"200\" src=\"https:\/\/berliner-seilfabrik.com\/wp-content\/uploads\/2025\/02\/Seilfabrik_2012__dsc8139-300x200.jpg\" class=\"z-0 w-full h-full object-cover object-center\" alt=\"\" srcset=\"https:\/\/berliner-seilfabrik.com\/wp-content\/uploads\/2025\/02\/Seilfabrik_2012__dsc8139-300x200.jpg 300w, https:\/\/berliner-seilfabrik.com\/wp-content\/uploads\/2025\/02\/Seilfabrik_2012__dsc8139-1024x681.jpg 1024w, https:\/\/berliner-seilfabrik.com\/wp-content\/uploads\/2025\/02\/Seilfabrik_2012__dsc8139-768x511.jpg 768w, https:\/\/berliner-seilfabrik.com\/wp-content\/uploads\/2025\/02\/Seilfabrik_2012__dsc8139-1536x1022.jpg 1536w, https:\/\/berliner-seilfabrik.com\/wp-content\/uploads\/2025\/02\/Seilfabrik_2012__dsc8139-2048x1363.jpg 2048w, https:\/\/berliner-seilfabrik.com\/wp-content\/uploads\/2025\/02\/Seilfabrik_2012__dsc8139-1900x1264.jpg 1900w, https:\/\/berliner-seilfabrik.com\/wp-content\/uploads\/2025\/02\/Seilfabrik_2012__dsc8139-1240x825.jpg 1240w\" sizes=\"auto, (max-width: 300px) 100vw, 300px\" \/>          <\/div>\n        <\/div>\n            <div class=\"content max-w-[600px] \">\n        <h3 class='headline-element align-left typo-h2 font-bold'>Berliner Seile<\/h3>        <a target=\"\" href=\"https:\/\/berliner-seilfabrik.com\/berliner-seile\/\" class=\"link-primary mt-sm  with-icon\">\n            Mehr erfahren                            <svg width=\"16\" height=\"16\" viewBox=\"0 0 16 16\" fill=\"none\" xmlns=\"http:\/\/www.w3.org\/2000\/svg\">\n                    <path d=\"M12.175 9H0V7H12.175L6.575 1.4L8 0L16 8L8 16L6.575 14.6L12.175 9Z\" fill=\"currentColor\"\/>\n                <\/svg>\n                    <\/a>\n              <\/div>\n    <\/div>\n  <\/div>\n<\/section>","protected":false},"excerpt":{"rendered":"","protected":false},"author":3,"featured_media":0,"parent":0,"menu_order":0,"comment_status":"closed","ping_status":"closed","template":"","meta":{"_acf_changed":false,"footnotes":""},"class_list":["post-256","page","type-page","status-publish","hentry"],"acf":[],"yoast_head":"<!-- This site is optimized with the Yoast SEO plugin v26.8 - https:\/\/yoast.com\/product\/yoast-seo-wordpress\/ -->\n<title>Berliner Seilfabrik - Berliner Materialien<\/title>\n<meta name=\"robots\" content=\"noindex, follow\" \/>\n<meta property=\"og:locale\" content=\"de_DE\" \/>\n<meta property=\"og:type\" content=\"article\" \/>\n<meta property=\"og:title\" content=\"Berliner Seilfabrik - Berliner Materialien\" \/>\n<meta property=\"og:url\" content=\"https:\/\/berliner-seilfabrik.com\/de\/berliner-materialien\/\" \/>\n<meta property=\"og:site_name\" content=\"Berliner Seilfabrik\" \/>\n<meta property=\"article:publisher\" content=\"https:\/\/www.facebook.com\/berlinerseilfabrik\/\" \/>\n<meta property=\"article:modified_time\" content=\"2026-01-07T12:06:43+00:00\" \/>\n<meta name=\"twitter:card\" content=\"summary_large_image\" \/>\n<script type=\"application\/ld+json\" class=\"yoast-schema-graph\">{\"@context\":\"https:\/\/schema.org\",\"@graph\":[{\"@type\":\"WebPage\",\"@id\":\"https:\/\/berliner-seilfabrik.com\/de\/berliner-materialien\/\",\"url\":\"https:\/\/berliner-seilfabrik.com\/de\/berliner-materialien\/\",\"name\":\"Berliner Seilfabrik - Berliner Materialien\",\"isPartOf\":{\"@id\":\"https:\/\/berliner-seilfabrik.com\/de\/#website\"},\"datePublished\":\"2025-01-10T09:03:20+00:00\",\"dateModified\":\"2026-01-07T12:06:43+00:00\",\"breadcrumb\":{\"@id\":\"https:\/\/berliner-seilfabrik.com\/de\/berliner-materialien\/#breadcrumb\"},\"inLanguage\":\"de\",\"potentialAction\":[{\"@type\":\"ReadAction\",\"target\":[\"https:\/\/berliner-seilfabrik.com\/de\/berliner-materialien\/\"]}]},{\"@type\":\"BreadcrumbList\",\"@id\":\"https:\/\/berliner-seilfabrik.com\/de\/berliner-materialien\/#breadcrumb\",\"itemListElement\":[{\"@type\":\"ListItem\",\"position\":1,\"name\":\"Home\",\"item\":\"https:\/\/berliner-seilfabrik.com\/de\/\"},{\"@type\":\"ListItem\",\"position\":2,\"name\":\"Berliner Materialien\"}]},{\"@type\":\"WebSite\",\"@id\":\"https:\/\/berliner-seilfabrik.com\/de\/#website\",\"url\":\"https:\/\/berliner-seilfabrik.com\/de\/\",\"name\":\"Die Berliner Seilfabrik\",\"description\":\"Spielger\u00e4te f\u00fcrs Leben\",\"publisher\":{\"@id\":\"https:\/\/berliner-seilfabrik.com\/de\/#organization\"},\"potentialAction\":[{\"@type\":\"SearchAction\",\"target\":{\"@type\":\"EntryPoint\",\"urlTemplate\":\"https:\/\/berliner-seilfabrik.com\/de\/?s={search_term_string}\"},\"query-input\":{\"@type\":\"PropertyValueSpecification\",\"valueRequired\":true,\"valueName\":\"search_term_string\"}}],\"inLanguage\":\"de\"},{\"@type\":\"Organization\",\"@id\":\"https:\/\/berliner-seilfabrik.com\/de\/#organization\",\"name\":\"Die Berliner Seilfabrik\",\"url\":\"https:\/\/berliner-seilfabrik.com\/de\/\",\"logo\":{\"@type\":\"ImageObject\",\"inLanguage\":\"de\",\"@id\":\"https:\/\/berliner-seilfabrik.com\/de\/#\/schema\/logo\/image\/\",\"url\":\"https:\/\/berliner-seilfabrik.com\/wp-content\/uploads\/2026\/01\/bsf_logo_de-scaled.png\",\"contentUrl\":\"https:\/\/berliner-seilfabrik.com\/wp-content\/uploads\/2026\/01\/bsf_logo_de-scaled.png\",\"width\":2560,\"height\":2560,\"caption\":\"Die Berliner Seilfabrik\"},\"image\":{\"@id\":\"https:\/\/berliner-seilfabrik.com\/de\/#\/schema\/logo\/image\/\"},\"sameAs\":[\"https:\/\/www.facebook.com\/berlinerseilfabrik\/\"]}]}<\/script>\n<!-- \/ Yoast SEO plugin. -->","yoast_head_json":{"title":"Berliner Seilfabrik - Berliner Materialien","robots":{"index":"noindex","follow":"follow"},"og_locale":"de_DE","og_type":"article","og_title":"Berliner Seilfabrik - Berliner Materialien","og_url":"https:\/\/berliner-seilfabrik.com\/de\/berliner-materialien\/","og_site_name":"Berliner Seilfabrik","article_publisher":"https:\/\/www.facebook.com\/berlinerseilfabrik\/","article_modified_time":"2026-01-07T12:06:43+00:00","twitter_card":"summary_large_image","schema":{"@context":"https:\/\/schema.org","@graph":[{"@type":"WebPage","@id":"https:\/\/berliner-seilfabrik.com\/de\/berliner-materialien\/","url":"https:\/\/berliner-seilfabrik.com\/de\/berliner-materialien\/","name":"Berliner Seilfabrik - Berliner Materialien","isPartOf":{"@id":"https:\/\/berliner-seilfabrik.com\/de\/#website"},"datePublished":"2025-01-10T09:03:20+00:00","dateModified":"2026-01-07T12:06:43+00:00","breadcrumb":{"@id":"https:\/\/berliner-seilfabrik.com\/de\/berliner-materialien\/#breadcrumb"},"inLanguage":"de","potentialAction":[{"@type":"ReadAction","target":["https:\/\/berliner-seilfabrik.com\/de\/berliner-materialien\/"]}]},{"@type":"BreadcrumbList","@id":"https:\/\/berliner-seilfabrik.com\/de\/berliner-materialien\/#breadcrumb","itemListElement":[{"@type":"ListItem","position":1,"name":"Home","item":"https:\/\/berliner-seilfabrik.com\/de\/"},{"@type":"ListItem","position":2,"name":"Berliner Materialien"}]},{"@type":"WebSite","@id":"https:\/\/berliner-seilfabrik.com\/de\/#website","url":"https:\/\/berliner-seilfabrik.com\/de\/","name":"Die Berliner Seilfabrik","description":"Spielger\u00e4te f\u00fcrs Leben","publisher":{"@id":"https:\/\/berliner-seilfabrik.com\/de\/#organization"},"potentialAction":[{"@type":"SearchAction","target":{"@type":"EntryPoint","urlTemplate":"https:\/\/berliner-seilfabrik.com\/de\/?s={search_term_string}"},"query-input":{"@type":"PropertyValueSpecification","valueRequired":true,"valueName":"search_term_string"}}],"inLanguage":"de"},{"@type":"Organization","@id":"https:\/\/berliner-seilfabrik.com\/de\/#organization","name":"Die Berliner Seilfabrik","url":"https:\/\/berliner-seilfabrik.com\/de\/","logo":{"@type":"ImageObject","inLanguage":"de","@id":"https:\/\/berliner-seilfabrik.com\/de\/#\/schema\/logo\/image\/","url":"https:\/\/berliner-seilfabrik.com\/wp-content\/uploads\/2026\/01\/bsf_logo_de-scaled.png","contentUrl":"https:\/\/berliner-seilfabrik.com\/wp-content\/uploads\/2026\/01\/bsf_logo_de-scaled.png","width":2560,"height":2560,"caption":"Die Berliner Seilfabrik"},"image":{"@id":"https:\/\/berliner-seilfabrik.com\/de\/#\/schema\/logo\/image\/"},"sameAs":["https:\/\/www.facebook.com\/berlinerseilfabrik\/"]}]}},"_links":{"self":[{"href":"https:\/\/berliner-seilfabrik.com\/de\/wp-json\/wp\/v2\/pages\/256","targetHints":{"allow":["GET"]}}],"collection":[{"href":"https:\/\/berliner-seilfabrik.com\/de\/wp-json\/wp\/v2\/pages"}],"about":[{"href":"https:\/\/berliner-seilfabrik.com\/de\/wp-json\/wp\/v2\/types\/page"}],"author":[{"embeddable":true,"href":"https:\/\/berliner-seilfabrik.com\/de\/wp-json\/wp\/v2\/users\/3"}],"replies":[{"embeddable":true,"href":"https:\/\/berliner-seilfabrik.com\/de\/wp-json\/wp\/v2\/comments?post=256"}],"version-history":[{"count":100,"href":"https:\/\/berliner-seilfabrik.com\/de\/wp-json\/wp\/v2\/pages\/256\/revisions"}],"predecessor-version":[{"id":49966,"href":"https:\/\/berliner-seilfabrik.com\/de\/wp-json\/wp\/v2\/pages\/256\/revisions\/49966"}],"wp:attachment":[{"href":"https:\/\/berliner-seilfabrik.com\/de\/wp-json\/wp\/v2\/media?parent=256"}],"curies":[{"name":"wp","href":"https:\/\/api.w.org\/{rel}","templated":true}]}}