{"id":254,"date":"2025-01-10T09:02:56","date_gmt":"2025-01-10T09:02:56","guid":{"rendered":"https:\/\/berliner-seilfabrik.com\/?page_id=254"},"modified":"2026-03-23T15:22:52","modified_gmt":"2026-03-23T14:22:52","slug":"technik-design","status":"publish","type":"page","link":"https:\/\/berliner-seilfabrik.com\/de\/technik-design\/","title":{"rendered":"Technik &amp; Design"},"content":{"rendered":"<section class=\"header-subpage spacing-py relative overflow-hidden dark:!text-light dark:!bg-dark max-w-screen-3xl spacing-px mx-auto\">\n    <div class=\"anchor\" id=\"acf-block-67ae270742dd7\" ><\/div>\n    <div class=\"flex flex-col-reverse lg:flex-row relative\">\n                    <div class=\"w-full lg:w-[66%] lg:mr-auto max-lg:order-1\"> \n                <img loading=\"lazy\" decoding=\"async\" width=\"1024\" height=\"683\" src=\"https:\/\/berliner-seilfabrik.com\/wp-content\/uploads\/2025\/03\/Seilfabrik-23-1024x683.jpg\" class=\"object-cover z-0 h-full w-full object-center rounded-[30px] overflow-hidden max-w-[930px] max-h-[617px] aspect-4\/3\" alt=\"\" srcset=\"https:\/\/berliner-seilfabrik.com\/wp-content\/uploads\/2025\/03\/Seilfabrik-23-1024x683.jpg 1024w, https:\/\/berliner-seilfabrik.com\/wp-content\/uploads\/2025\/03\/Seilfabrik-23-300x200.jpg 300w, https:\/\/berliner-seilfabrik.com\/wp-content\/uploads\/2025\/03\/Seilfabrik-23-768x512.jpg 768w, https:\/\/berliner-seilfabrik.com\/wp-content\/uploads\/2025\/03\/Seilfabrik-23-1536x1024.jpg 1536w, https:\/\/berliner-seilfabrik.com\/wp-content\/uploads\/2025\/03\/Seilfabrik-23-2048x1365.jpg 2048w, https:\/\/berliner-seilfabrik.com\/wp-content\/uploads\/2025\/03\/Seilfabrik-23-1900x1267.jpg 1900w, https:\/\/berliner-seilfabrik.com\/wp-content\/uploads\/2025\/03\/Seilfabrik-23-1240x827.jpg 1240w\" sizes=\"auto, (max-width: 1024px) 100vw, 1024px\" \/>            <\/div> \n                <div class=\"bg-bg-turquoise text-text-white !w-auto lg:!w-[41%] rounded-[30px] lg:absolute lg:top-1\/2 lg:-translate-y-1\/2 lg:right-0 p-[30px] sm:p-[40px] fhd:p-[50px] -mt-[30px] xs:-mt-[40px] sm:-mt-[80px] lg:mt-0 mx-[10px] xxs:mx-5 sm:mx-lg lg:mx-0 \">\n                            <h1 class=\"w-full font-semibold typo-h2 fhd:text-[42px]\">Technik &amp; Design<\/h1>\n                    <\/div>\n    <\/div>\n<\/section>\n\n<section class=\"text-module bg-bg-default text-text-default dark:!bg-dark dark:!text-white\">\n  <div class=\"anchor\" id=\"acf-block-67af389acfa57\" ><\/div>\n  <div class=\"max-w-screen-2xl spacing-px spacing-py mx-auto\">\n          <div class=\"typo-body two-columns flex max-md:flex-wrap md:gap-lg gap-md\">\n        <div class=\"text-element w-full md:w-1\/2 align-left\">\n          <p>Abgesehen vom hohen Spielwert, haben Spielger\u00e4te der Berliner&nbsp;Seilfabrik eins gemeinsam: Sie sind durch die Auswahl der Materialien und die Dimensionierung der Komponenten stark belastbar. Alle tragenden Elemente unseres Frameworx-Rahmens sind langfristig gegen Korrosion gesch\u00fctzt. Entweder sind sie, wie die Rohrstreben, im zweilagigen Epoxy-Polyester-Verfahren beschichtet oder sie sind, wie die Knotenpunkte und Befestigungsschellen f\u00fcr Seile und Platten, aus Aluminium.<\/p>\n        <\/div>\n        <div class=\"text-element w-full md:w-1\/2 align-left\">\n          <p>F\u00fcr unsere Seile verwenden wir nur Werkstoffe, die ihre hohe Langlebigkeit bei starker Spielfrequenz und extremen Witterungseinfl\u00fcssen bewiesen haben.<\/p>\n<p>Die wiederholte Verleihung des Red Dot Design Award sowie des German Design Award f\u00fcr unsere Spielger\u00e4te ist ein Beweis f\u00fcr unseren hohen Anspruch an Design und Funktionalit\u00e4t.<\/p>\n        <\/div>\n      <\/div>\n      <\/div>\n<\/section>\n\n<section class=\"text-image-module bg-bg-default text-text-default\">\n    <div class=\"anchor\" id=\"acf-block-67b49ffce3fad\" ><\/div>\n    <div class=\"dark:!text-white dark:!bg-dark\">\n        <div class=\"max-w-screen-3xl spacing-px spacing-py mx-auto\">\n            <div class=\"content-top max-w-3xl align-left \">\n                            <\/div>\n            <div class=\"grid grid-cols-1 lg:gap-sm gap-xl \">\n                <div class=\"text-image-single flex max-lg:flex-col gap-4 h-max\">\n      <div class=\"image-box lg:w-2\/5 \">\n        <div class=\"image-box-img cursor-pointer lightbox-image rounded-[30px] overflow-hidden aspect-square \" data-src=\"https:\/\/berliner-seilfabrik.com\/wp-content\/uploads\/2025\/03\/2-Kleeblattring-1024x683.jpg\">\n          <img loading=\"lazy\" decoding=\"async\" width=\"1024\" height=\"683\" src=\"https:\/\/berliner-seilfabrik.com\/wp-content\/uploads\/2025\/03\/2-Kleeblattring-1024x683.jpg\" class=\"h-full w-full object-cover z-0 transform scale-105 transition duration-300\" alt=\"\" srcset=\"https:\/\/berliner-seilfabrik.com\/wp-content\/uploads\/2025\/03\/2-Kleeblattring-1024x683.jpg 1024w, https:\/\/berliner-seilfabrik.com\/wp-content\/uploads\/2025\/03\/2-Kleeblattring-300x200.jpg 300w, https:\/\/berliner-seilfabrik.com\/wp-content\/uploads\/2025\/03\/2-Kleeblattring-768x512.jpg 768w, https:\/\/berliner-seilfabrik.com\/wp-content\/uploads\/2025\/03\/2-Kleeblattring-1536x1024.jpg 1536w, https:\/\/berliner-seilfabrik.com\/wp-content\/uploads\/2025\/03\/2-Kleeblattring-2048x1365.jpg 2048w, https:\/\/berliner-seilfabrik.com\/wp-content\/uploads\/2025\/03\/2-Kleeblattring-1900x1267.jpg 1900w, https:\/\/berliner-seilfabrik.com\/wp-content\/uploads\/2025\/03\/2-Kleeblattring-1240x827.jpg 1240w\" sizes=\"auto, (max-width: 1024px) 100vw, 1024px\" \/>        <\/div>\n      <\/div>\n      <div class=\"content-box lg:w-3\/5 h-auto flex flex-col justify-center rounded-[30px] bg-bg-transparent \">\n        <div class=\"content-box-inner  image-side-left \">\n                    <h4 class='headline-element align-left typo-h2 font-semibold !pb-0 text-text-default'>Kleeblattring<\/h4><div class='text-element align-left typo-body mt-xs lg:mt-[30px] text-text-default'><p>Er ist ein Schmuckst\u00fcck, nur n\u00fctzlicher: Mit seiner ausgekl\u00fcgelten Form fixiert der Kleeblattring die Seile an ihren Kreuzungspunkten, ohne scharfe Kanten oder Fangstellen zu verursachen. Das Austauschen einzelner Seilstr\u00e4nge wird durch ihn zum Kinderspiel.<\/p>\n<p>Der Kleeblattring ist in einem Gesenk geschmiedet. Das optimiert den Faserverlauf des Aluminiums und erm\u00f6glicht die Langlebigkeit des Rings. Der Kleeblattring steht wie kaum ein anderes Element f\u00fcr unseren Erfindergeist<\/p>\n<\/div>        <\/div>\n      <\/div>\n    <\/div>\n    <div class=\"text-image-single flex max-lg:flex-col gap-4 h-max\">\n      <div class=\"image-box lg:w-2\/5 lg:order-1\">\n        <div class=\"image-box-img cursor-pointer lightbox-image rounded-[30px] overflow-hidden aspect-square \" data-src=\"https:\/\/berliner-seilfabrik.com\/wp-content\/uploads\/2025\/02\/Seite-29_ASTEM_TT_offene_Kugel-720x540-1.jpg\">\n          <img loading=\"lazy\" decoding=\"async\" width=\"720\" height=\"540\" src=\"https:\/\/berliner-seilfabrik.com\/wp-content\/uploads\/2025\/02\/Seite-29_ASTEM_TT_offene_Kugel-720x540-1.jpg\" class=\"h-full w-full object-cover z-0 transform scale-105 transition duration-300\" alt=\"\" srcset=\"https:\/\/berliner-seilfabrik.com\/wp-content\/uploads\/2025\/02\/Seite-29_ASTEM_TT_offene_Kugel-720x540-1.jpg 720w, https:\/\/berliner-seilfabrik.com\/wp-content\/uploads\/2025\/02\/Seite-29_ASTEM_TT_offene_Kugel-720x540-1-300x225.jpg 300w\" sizes=\"auto, (max-width: 720px) 100vw, 720px\" \/>        <\/div>\n      <\/div>\n      <div class=\"content-box lg:w-3\/5 h-auto flex flex-col justify-center rounded-[30px] bg-bg-transparent \">\n        <div class=\"content-box-inner  image-side-right \">\n                    <h4 class='headline-element align-left typo-h2 font-semibold !pb-0 text-text-default'>Systemkugel<\/h4><div class='text-element align-left typo-body mt-xs lg:mt-[30px] text-text-default'><p>Seit jeher konzipieren wir unsere technisch aufw\u00e4ndigen Spielger\u00e4te ohne Kompromisse bei Funktion und Stabilit\u00e4t. Gleichzeitig stehen die Sicherheit der spielenden Kinder und das einzigartige Design im Vordergrund. Deshalb entwickelten wir das AstemTT\u00ae Spannsystem und stellten es Anfang des Jahres 2002 vor. Das Spannsystem befindet sich im Innern unserer Systemkugel, die zu 85 Prozent aus recyceltem Aluminium besteht. Verschlossen wird die Kugel durch eine langlebige Hartgummi-Linse. Die Aluminiumkugeln sind sandgestrahlt und l\u00f6semittelfrei pulverbeschichtet \u2013 das sch\u00fctzt vor Korrosion.<\/p>\n<p>Um die Sicherheit der Kinder beim Spielen bestm\u00f6glich gew\u00e4hrleisten zu k\u00f6nnen, wurden alle konstruktiv notwendigen Ger\u00e4tebestandteile aus dem Spielbereich und somit aus dem Zugriff der Spielenden verbannt. Unser patentiertes Spannsystem l\u00e4sst \u00d6sen, Schlaufen, Kauschen und Haken in den Aluminiumkugeln verschwinden. Mit unserem innovativen Spannsystem l\u00e4sst sich jede Raumnetzstruktur sehr einfach und gleichm\u00e4\u00dfig spannen!<\/p>\n<\/div>        <\/div>\n      <\/div>\n    <\/div>\n    <div class=\"text-image-single flex max-lg:flex-col gap-4 h-max\">\n      <div class=\"image-box lg:w-2\/5 \">\n        <div class=\"image-box-img cursor-pointer lightbox-image rounded-[30px] overflow-hidden aspect-square \" data-src=\"https:\/\/berliner-seilfabrik.com\/wp-content\/uploads\/2025\/03\/BSF_2022__DSC1729_quad-1024x1024.jpg\">\n          <img loading=\"lazy\" decoding=\"async\" width=\"1024\" height=\"1024\" src=\"https:\/\/berliner-seilfabrik.com\/wp-content\/uploads\/2025\/03\/BSF_2022__DSC1729_quad-1024x1024.jpg\" class=\"h-full w-full object-cover z-0 transform scale-105 transition duration-300\" alt=\"\" srcset=\"https:\/\/berliner-seilfabrik.com\/wp-content\/uploads\/2025\/03\/BSF_2022__DSC1729_quad-1024x1024.jpg 1024w, https:\/\/berliner-seilfabrik.com\/wp-content\/uploads\/2025\/03\/BSF_2022__DSC1729_quad-300x300.jpg 300w, https:\/\/berliner-seilfabrik.com\/wp-content\/uploads\/2025\/03\/BSF_2022__DSC1729_quad-150x150.jpg 150w, https:\/\/berliner-seilfabrik.com\/wp-content\/uploads\/2025\/03\/BSF_2022__DSC1729_quad-768x768.jpg 768w, https:\/\/berliner-seilfabrik.com\/wp-content\/uploads\/2025\/03\/BSF_2022__DSC1729_quad-1536x1536.jpg 1536w, https:\/\/berliner-seilfabrik.com\/wp-content\/uploads\/2025\/03\/BSF_2022__DSC1729_quad-2048x2048.jpg 2048w, https:\/\/berliner-seilfabrik.com\/wp-content\/uploads\/2025\/03\/BSF_2022__DSC1729_quad-1900x1900.jpg 1900w, https:\/\/berliner-seilfabrik.com\/wp-content\/uploads\/2025\/03\/BSF_2022__DSC1729_quad-1240x1240.jpg 1240w\" sizes=\"auto, (max-width: 1024px) 100vw, 1024px\" \/>        <\/div>\n      <\/div>\n      <div class=\"content-box lg:w-3\/5 h-auto flex flex-col justify-center rounded-[30px] bg-bg-transparent \">\n        <div class=\"content-box-inner  image-side-left \">\n                    <h4 class='headline-element align-left typo-h2 font-semibold !pb-0 text-text-default'>Berliner Creative Center<\/h4><div class='text-element align-left typo-body mt-xs lg:mt-[30px] text-text-default'><p>Einer unserer gr\u00f6\u00dften Wettbewerbsvorteile liegt in der Entwicklung kundenindividueller Spielpl\u00e4tze. Ob ein australischer Flaschenbaum, ein Hei\u00dfluftballon auf Basis eines Kunstwerks oder die l\u00e4ngste Kletteranlage Europas \u2013unser Berliner Creative Center erf\u00fcllt jeden architektonischen Wunsch. Architekt:innen, Designer:innen, Landschaftsplaner:innen und Ingenieur:innen konzipieren hier ma\u00dfgeschneiderte und nie dagewesene Spielskulpturen, gestalten neue Formen und Designs und setzen Ihre Vorgaben und Ideen um. Dabei entstehen einzigartige Spielanlagen mit einem Optimum an Spielwert und Sicherheit.<\/p>\n<p>Um Ihrem Wunsch ein Bild zu geben und gemeinsam das perfekte Design Ihres Spielplatzes zu finden, zeichnen unsere Kreationsprofis verschiedenste Modelle dreidimensional. Auch unsere Standardprodukte k\u00f6nnen nach individuellen W\u00fcnschen und an die geographische Umgebung angepasst werden. Lassen Sie Ihrer Fantasie freien Lauf!<\/p>\n<p>Neben dem Berliner Creative Center, das sich am Hauptsitz in Berlin befindet, gibt es eine Planungs- und Designabteilung in Greenville in South Carolina exklusiv f\u00fcr den amerikanischen Markt \u2013 das Berliner Creative Center USA. Die Produktentwicklungen aus dem Hause der Berliner&nbsp;Seilfabrik wurden mehrmals mit dem Red Dot Design Award und German Design Award ausgezeichnet.<\/p>\n<\/div>        <\/div>\n      <\/div>\n    <\/div>\n            <\/div>\n        <\/div>\n    <\/div>\n<\/section>\n\n<section class=\"contact-module max-w-screen-3xl mx-auto spacing-px\">\n  <div class=\"anchor\" id=\"acf-block-67af389ad00db\" ><\/div>\n  <div class=\"contact-box spacing-px mx-auto spacing-px bg-bg-turquise_light text-text-default dark:!bg-dark dark:!text-white spacing-py overflow-hidden relative\" data-anim-time=\"15\">\n        <div class=\"z-10 flex max-xs:flex-col gap-sm sm:gap-offsetMd justify-center relative\">\n              <div class=\"person-image\">\n          <div class=\"person-image-wrapper shrink-0 aspect-square rounded-full overflow-hidden w-32 md:w-5xl h-auto\">\n            <img loading=\"lazy\" decoding=\"async\" width=\"300\" height=\"200\" src=\"https:\/\/berliner-seilfabrik.com\/wp-content\/uploads\/2025\/02\/2VP2434_edited-300x200.jpg\" class=\"z-0 w-full h-full object-cover object-center\" alt=\"\" srcset=\"https:\/\/berliner-seilfabrik.com\/wp-content\/uploads\/2025\/02\/2VP2434_edited-300x200.jpg 300w, https:\/\/berliner-seilfabrik.com\/wp-content\/uploads\/2025\/02\/2VP2434_edited-1024x683.jpg 1024w, https:\/\/berliner-seilfabrik.com\/wp-content\/uploads\/2025\/02\/2VP2434_edited-768x512.jpg 768w, https:\/\/berliner-seilfabrik.com\/wp-content\/uploads\/2025\/02\/2VP2434_edited-1536x1024.jpg 1536w, https:\/\/berliner-seilfabrik.com\/wp-content\/uploads\/2025\/02\/2VP2434_edited-2048x1365.jpg 2048w, https:\/\/berliner-seilfabrik.com\/wp-content\/uploads\/2025\/02\/2VP2434_edited-1900x1267.jpg 1900w, https:\/\/berliner-seilfabrik.com\/wp-content\/uploads\/2025\/02\/2VP2434_edited-1240x827.jpg 1240w\" sizes=\"auto, (max-width: 300px) 100vw, 300px\" \/>          <\/div>\n        <\/div>\n            <div class=\"content max-w-[600px] \">\n        <h3 class='headline-element align-left typo-h2 font-bold'>Unser Seile und andere Materialien<\/h3>        <a target=\"\" href=\"https:\/\/berliner-seilfabrik.com\/berliner-seile\/\" class=\"link-primary mt-sm  with-icon\">\n            Mehr erfahren                            <svg width=\"16\" height=\"16\" viewBox=\"0 0 16 16\" fill=\"none\" xmlns=\"http:\/\/www.w3.org\/2000\/svg\">\n                    <path d=\"M12.175 9H0V7H12.175L6.575 1.4L8 0L16 8L8 16L6.575 14.6L12.175 9Z\" fill=\"currentColor\"\/>\n                <\/svg>\n                    <\/a>\n              <\/div>\n    <\/div>\n  <\/div>\n<\/section>","protected":false},"excerpt":{"rendered":"","protected":false},"author":3,"featured_media":0,"parent":0,"menu_order":0,"comment_status":"closed","ping_status":"closed","template":"","meta":{"_acf_changed":false,"footnotes":""},"class_list":["post-254","page","type-page","status-publish","hentry"],"acf":[],"yoast_head":"<!-- This site is optimized with the Yoast SEO plugin v26.8 - https:\/\/yoast.com\/product\/yoast-seo-wordpress\/ -->\n<title>Berliner Seilfabrik - Technik &amp; Design<\/title>\n<meta name=\"robots\" content=\"noindex, follow\" \/>\n<meta property=\"og:locale\" content=\"de_DE\" \/>\n<meta property=\"og:type\" content=\"article\" \/>\n<meta property=\"og:title\" content=\"Berliner Seilfabrik - Technik &amp; Design\" \/>\n<meta property=\"og:url\" content=\"https:\/\/berliner-seilfabrik.com\/de\/technik-design\/\" \/>\n<meta property=\"og:site_name\" content=\"Berliner Seilfabrik\" \/>\n<meta property=\"article:publisher\" content=\"https:\/\/www.facebook.com\/berlinerseilfabrik\/\" \/>\n<meta property=\"article:modified_time\" content=\"2026-03-23T14:22:52+00:00\" \/>\n<meta name=\"twitter:card\" content=\"summary_large_image\" \/>\n<script type=\"application\/ld+json\" class=\"yoast-schema-graph\">{\"@context\":\"https:\/\/schema.org\",\"@graph\":[{\"@type\":\"WebPage\",\"@id\":\"https:\/\/berliner-seilfabrik.com\/de\/technik-design\/\",\"url\":\"https:\/\/berliner-seilfabrik.com\/de\/technik-design\/\",\"name\":\"Berliner Seilfabrik - Technik &amp; Design\",\"isPartOf\":{\"@id\":\"https:\/\/berliner-seilfabrik.com\/de\/#website\"},\"datePublished\":\"2025-01-10T09:02:56+00:00\",\"dateModified\":\"2026-03-23T14:22:52+00:00\",\"breadcrumb\":{\"@id\":\"https:\/\/berliner-seilfabrik.com\/de\/technik-design\/#breadcrumb\"},\"inLanguage\":\"de\",\"potentialAction\":[{\"@type\":\"ReadAction\",\"target\":[\"https:\/\/berliner-seilfabrik.com\/de\/technik-design\/\"]}]},{\"@type\":\"BreadcrumbList\",\"@id\":\"https:\/\/berliner-seilfabrik.com\/de\/technik-design\/#breadcrumb\",\"itemListElement\":[{\"@type\":\"ListItem\",\"position\":1,\"name\":\"Home\",\"item\":\"https:\/\/berliner-seilfabrik.com\/de\/\"},{\"@type\":\"ListItem\",\"position\":2,\"name\":\"Technik &amp; Design\"}]},{\"@type\":\"WebSite\",\"@id\":\"https:\/\/berliner-seilfabrik.com\/de\/#website\",\"url\":\"https:\/\/berliner-seilfabrik.com\/de\/\",\"name\":\"Die Berliner Seilfabrik\",\"description\":\"Spielger\u00e4te f\u00fcrs Leben\",\"publisher\":{\"@id\":\"https:\/\/berliner-seilfabrik.com\/de\/#organization\"},\"potentialAction\":[{\"@type\":\"SearchAction\",\"target\":{\"@type\":\"EntryPoint\",\"urlTemplate\":\"https:\/\/berliner-seilfabrik.com\/de\/?s={search_term_string}\"},\"query-input\":{\"@type\":\"PropertyValueSpecification\",\"valueRequired\":true,\"valueName\":\"search_term_string\"}}],\"inLanguage\":\"de\"},{\"@type\":\"Organization\",\"@id\":\"https:\/\/berliner-seilfabrik.com\/de\/#organization\",\"name\":\"Die Berliner Seilfabrik\",\"url\":\"https:\/\/berliner-seilfabrik.com\/de\/\",\"logo\":{\"@type\":\"ImageObject\",\"inLanguage\":\"de\",\"@id\":\"https:\/\/berliner-seilfabrik.com\/de\/#\/schema\/logo\/image\/\",\"url\":\"https:\/\/berliner-seilfabrik.com\/wp-content\/uploads\/2026\/01\/bsf_logo_de-scaled.png\",\"contentUrl\":\"https:\/\/berliner-seilfabrik.com\/wp-content\/uploads\/2026\/01\/bsf_logo_de-scaled.png\",\"width\":2560,\"height\":2560,\"caption\":\"Die Berliner Seilfabrik\"},\"image\":{\"@id\":\"https:\/\/berliner-seilfabrik.com\/de\/#\/schema\/logo\/image\/\"},\"sameAs\":[\"https:\/\/www.facebook.com\/berlinerseilfabrik\/\"]}]}<\/script>\n<!-- \/ Yoast SEO plugin. -->","yoast_head_json":{"title":"Berliner Seilfabrik - Technik &amp; Design","robots":{"index":"noindex","follow":"follow"},"og_locale":"de_DE","og_type":"article","og_title":"Berliner Seilfabrik - Technik &amp; Design","og_url":"https:\/\/berliner-seilfabrik.com\/de\/technik-design\/","og_site_name":"Berliner Seilfabrik","article_publisher":"https:\/\/www.facebook.com\/berlinerseilfabrik\/","article_modified_time":"2026-03-23T14:22:52+00:00","twitter_card":"summary_large_image","schema":{"@context":"https:\/\/schema.org","@graph":[{"@type":"WebPage","@id":"https:\/\/berliner-seilfabrik.com\/de\/technik-design\/","url":"https:\/\/berliner-seilfabrik.com\/de\/technik-design\/","name":"Berliner Seilfabrik - Technik &amp; Design","isPartOf":{"@id":"https:\/\/berliner-seilfabrik.com\/de\/#website"},"datePublished":"2025-01-10T09:02:56+00:00","dateModified":"2026-03-23T14:22:52+00:00","breadcrumb":{"@id":"https:\/\/berliner-seilfabrik.com\/de\/technik-design\/#breadcrumb"},"inLanguage":"de","potentialAction":[{"@type":"ReadAction","target":["https:\/\/berliner-seilfabrik.com\/de\/technik-design\/"]}]},{"@type":"BreadcrumbList","@id":"https:\/\/berliner-seilfabrik.com\/de\/technik-design\/#breadcrumb","itemListElement":[{"@type":"ListItem","position":1,"name":"Home","item":"https:\/\/berliner-seilfabrik.com\/de\/"},{"@type":"ListItem","position":2,"name":"Technik &amp; Design"}]},{"@type":"WebSite","@id":"https:\/\/berliner-seilfabrik.com\/de\/#website","url":"https:\/\/berliner-seilfabrik.com\/de\/","name":"Die Berliner Seilfabrik","description":"Spielger\u00e4te f\u00fcrs Leben","publisher":{"@id":"https:\/\/berliner-seilfabrik.com\/de\/#organization"},"potentialAction":[{"@type":"SearchAction","target":{"@type":"EntryPoint","urlTemplate":"https:\/\/berliner-seilfabrik.com\/de\/?s={search_term_string}"},"query-input":{"@type":"PropertyValueSpecification","valueRequired":true,"valueName":"search_term_string"}}],"inLanguage":"de"},{"@type":"Organization","@id":"https:\/\/berliner-seilfabrik.com\/de\/#organization","name":"Die Berliner Seilfabrik","url":"https:\/\/berliner-seilfabrik.com\/de\/","logo":{"@type":"ImageObject","inLanguage":"de","@id":"https:\/\/berliner-seilfabrik.com\/de\/#\/schema\/logo\/image\/","url":"https:\/\/berliner-seilfabrik.com\/wp-content\/uploads\/2026\/01\/bsf_logo_de-scaled.png","contentUrl":"https:\/\/berliner-seilfabrik.com\/wp-content\/uploads\/2026\/01\/bsf_logo_de-scaled.png","width":2560,"height":2560,"caption":"Die Berliner Seilfabrik"},"image":{"@id":"https:\/\/berliner-seilfabrik.com\/de\/#\/schema\/logo\/image\/"},"sameAs":["https:\/\/www.facebook.com\/berlinerseilfabrik\/"]}]}},"_links":{"self":[{"href":"https:\/\/berliner-seilfabrik.com\/de\/wp-json\/wp\/v2\/pages\/254","targetHints":{"allow":["GET"]}}],"collection":[{"href":"https:\/\/berliner-seilfabrik.com\/de\/wp-json\/wp\/v2\/pages"}],"about":[{"href":"https:\/\/berliner-seilfabrik.com\/de\/wp-json\/wp\/v2\/types\/page"}],"author":[{"embeddable":true,"href":"https:\/\/berliner-seilfabrik.com\/de\/wp-json\/wp\/v2\/users\/3"}],"replies":[{"embeddable":true,"href":"https:\/\/berliner-seilfabrik.com\/de\/wp-json\/wp\/v2\/comments?post=254"}],"version-history":[{"count":89,"href":"https:\/\/berliner-seilfabrik.com\/de\/wp-json\/wp\/v2\/pages\/254\/revisions"}],"predecessor-version":[{"id":52932,"href":"https:\/\/berliner-seilfabrik.com\/de\/wp-json\/wp\/v2\/pages\/254\/revisions\/52932"}],"wp:attachment":[{"href":"https:\/\/berliner-seilfabrik.com\/de\/wp-json\/wp\/v2\/media?parent=254"}],"curies":[{"name":"wp","href":"https:\/\/api.w.org\/{rel}","templated":true}]}}